{"id":874,"date":"2018-04-25T09:36:33","date_gmt":"2018-04-25T08:36:33","guid":{"rendered":"https:\/\/smporres.archimadrid.es\/?page_id=874"},"modified":"2018-05-28T23:45:21","modified_gmt":"2018-05-28T22:45:21","slug":"las-escobas","status":"publish","type":"page","link":"https:\/\/smporres.archimadrid.es\/?page_id=874","title":{"rendered":"Las escobas"},"content":{"rendered":"<p><img loading=\"lazy\" decoding=\"async\" class=\"wp-image-1220 size-large aligncenter\" src=\"https:\/\/smporres.archimadrid.es\/wp-content\/uploads\/2018\/05\/754D6E05-6352-4FCD-A092-C73D834AAAB0-780x1024.jpeg\" alt=\"\" width=\"780\" height=\"1024\" srcset=\"https:\/\/smporres.archimadrid.es\/wp-content\/uploads\/2018\/05\/754D6E05-6352-4FCD-A092-C73D834AAAB0-780x1024.jpeg 780w, https:\/\/smporres.archimadrid.es\/wp-content\/uploads\/2018\/05\/754D6E05-6352-4FCD-A092-C73D834AAAB0-228x300.jpeg 228w, https:\/\/smporres.archimadrid.es\/wp-content\/uploads\/2018\/05\/754D6E05-6352-4FCD-A092-C73D834AAAB0-768x1009.jpeg 768w, https:\/\/smporres.archimadrid.es\/wp-content\/uploads\/2018\/05\/754D6E05-6352-4FCD-A092-C73D834AAAB0.jpeg 1558w\" sizes=\"auto, (max-width: 780px) 100vw, 780px\" \/><\/p>\n<p>Como Fray Escoba, nosotros tambi\u00e9n limpiamos, todas las semanas, nuestra iglesia, los despachos, el comedor, los ba\u00f1os, las salas.<\/p>\n<p><img loading=\"lazy\" decoding=\"async\" class=\"aligncenter wp-image-1218 size-large\" src=\"https:\/\/smporres.archimadrid.es\/wp-content\/uploads\/2018\/05\/6FEBDBC7-EA3F-4524-B7F1-1C401315E95B-824x1024.jpeg\" alt=\"\" width=\"780\" height=\"969\" srcset=\"https:\/\/smporres.archimadrid.es\/wp-content\/uploads\/2018\/05\/6FEBDBC7-EA3F-4524-B7F1-1C401315E95B-824x1024.jpeg 824w, https:\/\/smporres.archimadrid.es\/wp-content\/uploads\/2018\/05\/6FEBDBC7-EA3F-4524-B7F1-1C401315E95B-241x300.jpeg 241w, https:\/\/smporres.archimadrid.es\/wp-content\/uploads\/2018\/05\/6FEBDBC7-EA3F-4524-B7F1-1C401315E95B-768x955.jpeg 768w, https:\/\/smporres.archimadrid.es\/wp-content\/uploads\/2018\/05\/6FEBDBC7-EA3F-4524-B7F1-1C401315E95B.jpeg 1646w\" sizes=\"auto, (max-width: 780px) 100vw, 780px\" \/><\/p>\n<p>Nos reunimos los mi\u00e9rcoles a las 10:00 h, desayunamos, limpiamos, rezamos y pasamos un buen rato juntos.<\/p>\n<p><img loading=\"lazy\" decoding=\"async\" class=\"aligncenter size-large wp-image-1225\" src=\"https:\/\/smporres.archimadrid.es\/wp-content\/uploads\/2018\/05\/4752D252-B4E3-4BD8-9DDA-A082C7161288-e1527069431349-1024x727.jpeg\" alt=\"\" width=\"780\" height=\"554\" srcset=\"https:\/\/smporres.archimadrid.es\/wp-content\/uploads\/2018\/05\/4752D252-B4E3-4BD8-9DDA-A082C7161288-e1527069431349-1024x727.jpeg 1024w, https:\/\/smporres.archimadrid.es\/wp-content\/uploads\/2018\/05\/4752D252-B4E3-4BD8-9DDA-A082C7161288-e1527069431349-300x213.jpeg 300w, https:\/\/smporres.archimadrid.es\/wp-content\/uploads\/2018\/05\/4752D252-B4E3-4BD8-9DDA-A082C7161288-e1527069431349-768x545.jpeg 768w\" sizes=\"auto, (max-width: 780px) 100vw, 780px\" \/><\/p>\n<p>Ac\u00e9rcate a la parroquia, te esperamos!<\/p>\n","protected":false},"excerpt":{"rendered":"<p>Como Fray Escoba, nosotros tambi\u00e9n limpiamos, todas las semanas, nuestra iglesia, los despachos, el comedor, los ba\u00f1os, las salas. Nos reunimos los mi\u00e9rcoles a las 10:00 h, desayunamos, limpiamos, rezamos [&hellip;]<\/p>\n","protected":false},"author":1,"featured_media":1371,"parent":0,"menu_order":0,"comment_status":"closed","ping_status":"closed","template":"","meta":{"footnotes":""},"class_list":["post-874","page","type-page","status-publish","has-post-thumbnail","hentry"],"_links":{"self":[{"href":"https:\/\/smporres.archimadrid.es\/index.php?rest_route=\/wp\/v2\/pages\/874","targetHints":{"allow":["GET"]}}],"collection":[{"href":"https:\/\/smporres.archimadrid.es\/index.php?rest_route=\/wp\/v2\/pages"}],"about":[{"href":"https:\/\/smporres.archimadrid.es\/index.php?rest_route=\/wp\/v2\/types\/page"}],"author":[{"embeddable":true,"href":"https:\/\/smporres.archimadrid.es\/index.php?rest_route=\/wp\/v2\/users\/1"}],"replies":[{"embeddable":true,"href":"https:\/\/smporres.archimadrid.es\/index.php?rest_route=%2Fwp%2Fv2%2Fcomments&post=874"}],"version-history":[{"count":17,"href":"https:\/\/smporres.archimadrid.es\/index.php?rest_route=\/wp\/v2\/pages\/874\/revisions"}],"predecessor-version":[{"id":1372,"href":"https:\/\/smporres.archimadrid.es\/index.php?rest_route=\/wp\/v2\/pages\/874\/revisions\/1372"}],"wp:featuredmedia":[{"embeddable":true,"href":"https:\/\/smporres.archimadrid.es\/index.php?rest_route=\/wp\/v2\/media\/1371"}],"wp:attachment":[{"href":"https:\/\/smporres.archimadrid.es\/index.php?rest_route=%2Fwp%2Fv2%2Fmedia&parent=874"}],"curies":[{"name":"wp","href":"https:\/\/api.w.org\/{rel}","templated":true}]}}