{"id":791,"date":"2018-04-21T00:42:59","date_gmt":"2018-04-20T23:42:59","guid":{"rendered":"https:\/\/smporres.archimadrid.es\/?page_id=791"},"modified":"2018-05-21T21:45:20","modified_gmt":"2018-05-21T20:45:20","slug":"adoracion-nocturna","status":"publish","type":"page","link":"https:\/\/smporres.archimadrid.es\/?page_id=791","title":{"rendered":"Adoraci\u00f3n nocturna"},"content":{"rendered":"<p><em>\u00abLa. adoraci\u00f3n eucar\u00edstica es el reconocimiento agradecido y expl\u00edcito de la presencia de Dios entre los hombres y es necesaria esta explicitaci\u00f3n para mantener viva la conciencia de la peculiaridad y del realismo de nuestra fe. La conciencia viva en la presencia de Cristo en la Eucarist\u00eda, prolongaci\u00f3n sacramental de la Encarnaci\u00f3n, ha permitido a la Iglesia seguir siendo fiel al misterio de la mediaci\u00f3n salv\u00edfica del cuerpo de Cristo, por el que se asegura el realismo de nuestra participaci\u00f3n sacramental en su sacrificio, se consuma la unidad de la Iglesia y se participa ya desde ahora en la gloria futura.\u00bb <\/em><\/p>\n<p>Como <em>Adoradores<\/em>, ejercemos ante Dios lo que constituye un deber de toda creatura racional: reconocer que Dios es Dios, que es nuestro Creador, nuestro Se\u00f1or y nuestro Padre; reconocer la soberan\u00eda de Dios sobre todas las cosas y sobre nuestra vida, que dependemos de \u00c9l y suyos somos, que le pertenecemos total y exclusivamente; reconocer tambi\u00e9n que Dios es nuestro Salvador en Cristo y nuestro destino.<\/p>\n<p><img loading=\"lazy\" decoding=\"async\" class=\"aligncenter size-large wp-image-1096\" src=\"https:\/\/smporres.archimadrid.es\/wp-content\/uploads\/2018\/05\/E1984920-35ED-42A1-AD35-C0D9D1EF75E3-1024x768.jpeg\" alt=\"\" width=\"780\" height=\"585\" srcset=\"https:\/\/smporres.archimadrid.es\/wp-content\/uploads\/2018\/05\/E1984920-35ED-42A1-AD35-C0D9D1EF75E3-1024x768.jpeg 1024w, https:\/\/smporres.archimadrid.es\/wp-content\/uploads\/2018\/05\/E1984920-35ED-42A1-AD35-C0D9D1EF75E3-300x225.jpeg 300w, https:\/\/smporres.archimadrid.es\/wp-content\/uploads\/2018\/05\/E1984920-35ED-42A1-AD35-C0D9D1EF75E3-768x576.jpeg 768w\" sizes=\"auto, (max-width: 780px) 100vw, 780px\" \/><\/p>\n<p>Como <a href=\"http:\/\/www.ane-madrid.org\/\" target=\"_blank\" rel=\"noopener\"><em>Adoradores Nocturnos<\/em><\/a>, que adoramos velando, estamos cumpliendo la misi\u00f3n escatol\u00f3gica de la Iglesia, Esposa de Cristo, que debe estar amorosamente atenta a la venida del Se\u00f1or:<\/p>\n<p><em>\u00abDichosos los siervos que el Se\u00f1or al venir encuentra despiertos; yo os aseguro que se ce\u00f1ir\u00e1, los har\u00e1 ponerse a la mesa y, yendo de uno a otro, les servir\u00e1.<br \/>\nY si viene en la segunda vigilia o en la tercera, y los encuentra as\u00ed, dichosos ellos.\u00bb<\/em><\/p>\n<p>Os invitamos a participar en nuestras celebraciones todos los \u00faltimos viernes de mes, a las 21:00 h.<\/p>\n<p><img loading=\"lazy\" decoding=\"async\" class=\"size-full wp-image-790\" src=\"https:\/\/smporres.archimadrid.es\/wp-content\/uploads\/2018\/04\/img_0708.jpg\" width=\"4032\" height=\"3024\" srcset=\"https:\/\/smporres.archimadrid.es\/wp-content\/uploads\/2018\/04\/img_0708.jpg 4032w, https:\/\/smporres.archimadrid.es\/wp-content\/uploads\/2018\/04\/img_0708-300x225.jpg 300w, https:\/\/smporres.archimadrid.es\/wp-content\/uploads\/2018\/04\/img_0708-768x576.jpg 768w, https:\/\/smporres.archimadrid.es\/wp-content\/uploads\/2018\/04\/img_0708-1024x768.jpg 1024w\" sizes=\"auto, (max-width: 4032px) 100vw, 4032px\" \/><\/p>\n<p>&nbsp;<\/p>\n","protected":false},"excerpt":{"rendered":"<p>\u00abLa. adoraci\u00f3n eucar\u00edstica es el reconocimiento agradecido y expl\u00edcito de la presencia de Dios entre los hombres y es necesaria esta explicitaci\u00f3n para mantener viva la conciencia de la peculiaridad [&hellip;]<\/p>\n","protected":false},"author":1,"featured_media":790,"parent":0,"menu_order":0,"comment_status":"closed","ping_status":"closed","template":"","meta":{"footnotes":""},"class_list":["post-791","page","type-page","status-publish","has-post-thumbnail","hentry"],"_links":{"self":[{"href":"https:\/\/smporres.archimadrid.es\/index.php?rest_route=\/wp\/v2\/pages\/791","targetHints":{"allow":["GET"]}}],"collection":[{"href":"https:\/\/smporres.archimadrid.es\/index.php?rest_route=\/wp\/v2\/pages"}],"about":[{"href":"https:\/\/smporres.archimadrid.es\/index.php?rest_route=\/wp\/v2\/types\/page"}],"author":[{"embeddable":true,"href":"https:\/\/smporres.archimadrid.es\/index.php?rest_route=\/wp\/v2\/users\/1"}],"replies":[{"embeddable":true,"href":"https:\/\/smporres.archimadrid.es\/index.php?rest_route=%2Fwp%2Fv2%2Fcomments&post=791"}],"version-history":[{"count":9,"href":"https:\/\/smporres.archimadrid.es\/index.php?rest_route=\/wp\/v2\/pages\/791\/revisions"}],"predecessor-version":[{"id":1193,"href":"https:\/\/smporres.archimadrid.es\/index.php?rest_route=\/wp\/v2\/pages\/791\/revisions\/1193"}],"wp:featuredmedia":[{"embeddable":true,"href":"https:\/\/smporres.archimadrid.es\/index.php?rest_route=\/wp\/v2\/media\/790"}],"wp:attachment":[{"href":"https:\/\/smporres.archimadrid.es\/index.php?rest_route=%2Fwp%2Fv2%2Fmedia&parent=791"}],"curies":[{"name":"wp","href":"https:\/\/api.w.org\/{rel}","templated":true}]}}