{"id":744,"date":"2018-04-20T09:39:47","date_gmt":"2018-04-20T08:39:47","guid":{"rendered":"https:\/\/smporres.archimadrid.es\/?page_id=744"},"modified":"2021-12-09T13:48:04","modified_gmt":"2021-12-09T12:48:04","slug":"apoyo-escolar","status":"publish","type":"page","link":"https:\/\/smporres.archimadrid.es\/?page_id=744","title":{"rendered":"Apoyo escolar"},"content":{"rendered":"<p>Hace varios a\u00f1os, mientras d\u00e1bamos catequesis a los ni\u00f1os, los padres nos expresaron la dificultad que ten\u00edan para ayudar a sus hijos con las tareas del colegio, los problemas que ten\u00edan para aprobar, las dificultades con las mates, ingl\u00e9s&#8230;<\/p>\n<p><img loading=\"lazy\" decoding=\"async\" class=\"aligncenter size-large wp-image-1355\" src=\"https:\/\/smporres.archimadrid.es\/wp-content\/uploads\/2018\/05\/62B2AE64-9A7F-4D01-B7E9-1BB1FCA32C73-1024x717.png\" alt=\"\" width=\"780\" height=\"546\" srcset=\"https:\/\/smporres.archimadrid.es\/wp-content\/uploads\/2018\/05\/62B2AE64-9A7F-4D01-B7E9-1BB1FCA32C73-1024x717.png 1024w, https:\/\/smporres.archimadrid.es\/wp-content\/uploads\/2018\/05\/62B2AE64-9A7F-4D01-B7E9-1BB1FCA32C73-300x210.png 300w, https:\/\/smporres.archimadrid.es\/wp-content\/uploads\/2018\/05\/62B2AE64-9A7F-4D01-B7E9-1BB1FCA32C73-768x538.png 768w, https:\/\/smporres.archimadrid.es\/wp-content\/uploads\/2018\/05\/62B2AE64-9A7F-4D01-B7E9-1BB1FCA32C73.png 1280w\" sizes=\"auto, (max-width: 780px) 100vw, 780px\" \/><\/p>\n<p>Por esto, surgi\u00f3 la idea de buscar ayuda de profesores y personas cualificadas, que voluntariamente prestaran este servicio.<\/p>\n<p>Desde hace 10 a\u00f1os, junto con C\u00e1ritas, ofrecemos este servicio los <strong>martes y jueves<\/strong> a las <strong>18:30 h.<\/strong><\/p>\n<p>Pod\u00e9is apuntaros en ese horario o en el despacho de C\u00e1ritas.<\/p>\n","protected":false},"excerpt":{"rendered":"<p>Hace varios a\u00f1os, mientras d\u00e1bamos catequesis a los ni\u00f1os, los padres nos expresaron la dificultad que ten\u00edan para ayudar a sus hijos con las tareas del colegio, los problemas que [&hellip;]<\/p>\n","protected":false},"author":1,"featured_media":4644,"parent":0,"menu_order":0,"comment_status":"closed","ping_status":"closed","template":"","meta":{"footnotes":""},"class_list":["post-744","page","type-page","status-publish","has-post-thumbnail","hentry"],"_links":{"self":[{"href":"https:\/\/smporres.archimadrid.es\/index.php?rest_route=\/wp\/v2\/pages\/744","targetHints":{"allow":["GET"]}}],"collection":[{"href":"https:\/\/smporres.archimadrid.es\/index.php?rest_route=\/wp\/v2\/pages"}],"about":[{"href":"https:\/\/smporres.archimadrid.es\/index.php?rest_route=\/wp\/v2\/types\/page"}],"author":[{"embeddable":true,"href":"https:\/\/smporres.archimadrid.es\/index.php?rest_route=\/wp\/v2\/users\/1"}],"replies":[{"embeddable":true,"href":"https:\/\/smporres.archimadrid.es\/index.php?rest_route=%2Fwp%2Fv2%2Fcomments&post=744"}],"version-history":[{"count":5,"href":"https:\/\/smporres.archimadrid.es\/index.php?rest_route=\/wp\/v2\/pages\/744\/revisions"}],"predecessor-version":[{"id":4645,"href":"https:\/\/smporres.archimadrid.es\/index.php?rest_route=\/wp\/v2\/pages\/744\/revisions\/4645"}],"wp:featuredmedia":[{"embeddable":true,"href":"https:\/\/smporres.archimadrid.es\/index.php?rest_route=\/wp\/v2\/media\/4644"}],"wp:attachment":[{"href":"https:\/\/smporres.archimadrid.es\/index.php?rest_route=%2Fwp%2Fv2%2Fmedia&parent=744"}],"curies":[{"name":"wp","href":"https:\/\/api.w.org\/{rel}","templated":true}]}}