{"id":728,"date":"2018-04-19T15:58:35","date_gmt":"2018-04-19T14:58:35","guid":{"rendered":"https:\/\/smporres.archimadrid.es\/?page_id=728"},"modified":"2018-04-23T11:40:20","modified_gmt":"2018-04-23T10:40:20","slug":"parroquia","status":"publish","type":"page","link":"https:\/\/smporres.archimadrid.es\/?page_id=728","title":{"rendered":"El barrio"},"content":{"rendered":"<p><img loading=\"lazy\" decoding=\"async\" src=\"https:\/\/smporres.archimadrid.es\/wp-content\/uploads\/2017\/12\/86967-944-550.jpg\" class=\"wp-image-20 size-full\" height=\"550\" alt=\"\" width=\"944\" srcset=\"https:\/\/smporres.archimadrid.es\/wp-content\/uploads\/2017\/12\/86967-944-550.jpg 944w, https:\/\/smporres.archimadrid.es\/wp-content\/uploads\/2017\/12\/86967-944-550-300x175.jpg 300w, https:\/\/smporres.archimadrid.es\/wp-content\/uploads\/2017\/12\/86967-944-550-768x447.jpg 768w\" sizes=\"auto, (max-width: 944px) 100vw, 944px\" \/><\/p>\n<p>La U.V.A. de Hortaleza se encuentra situada en el barrio de Pinar del Rey en el Distrito de Hortaleza. Las U.V.A.\u2019s, acr\u00f3nimo de Unidad Vecinal de Absorci\u00f3n, tienen su origen en un Decreto del Instituto Nacional de la Vivienda de enero de 1963 mediante el cual se pone en marcha, con car\u00e1cter de urgencia, la construcci\u00f3n de m\u00e1s de 6.000 alojamientos sociales con la finalidad de acabar (paliar) el creciente proceso de asentamientos de chabolas y viviendas insalubres en la periferia de Madrid.<br \/>\nLa U.V.A. de Hortaleza fue proyectada por los prestigiosos arquitectos Fernando Higueras y Antonio Mir\u00f3. Sobre unos\u00a0terrenos de 107.000 m2, al norte del casco urbano de Hortaleza, se construyeron 1.100 viviendas, en principio provisionales. El barrio contaba con guarder\u00eda, centro m\u00e9dico, escuelas, casa de ba\u00f1os, iglesia, edificio administrativo y algunos locales comerciales. Se dispusieron cinco grupos de bloques lineales,\u00a0siempre de dos alturas, con distintas orientaciones, en la direcci\u00f3n de los bordes de la parcela, para conseguir un mejor aprovechamiento de la superficie y de las vistas. Cada edificio estaba rodeado de un amplio corredor a trav\u00e9s del cual se acced\u00eda a las viviendas. Para su construcci\u00f3n, se utilizaron materiales tradicionales, no prefabricados y todas las viviendas contaban con equipamiento sanitario.<br \/>\nEl proyecto mereci\u00f3 en su tiempo grandes alabanzas en \u00e1mbitos profesionales; en 1969 fue reconocido por el X Congreso de la Uni\u00f3n Internacional de Arquitectos celebrado en Buenos Aires como un buen modelo de vivienda alternativa al chabolismo. Sin duda, fue la actuaci\u00f3n m\u00e1s conseguida de las seis U.V.A.\u2019s construidas simult\u00e1neamente (la \u00fanica en la que las viviendas contaban con cuarto de ba\u00f1o) y en consecuencia, es la promoci\u00f3n\u00a0de esta generaci\u00f3n que ha mantenido durante m\u00e1s tiempo los edificios originarios <a href=\"https:\/\/transparencia.madrid.es\/UnidadesDescentralizadas\/UDGParticipacionCiudadana\/06_Contenidos\/Planes_De_Barrio\/2013-2016\/08_UVA_Hortaleza\/UVA_Hortaleza_Caracteristicas.pdf\" target=\"_blank\" rel=\"noopener\">(tomado de la web del Ayuntamiento de Madrid)<\/a>.<\/p>\n","protected":false},"excerpt":{"rendered":"<p>La U.V.A. de Hortaleza se encuentra situada en el barrio de Pinar del Rey en el Distrito de Hortaleza. Las U.V.A.\u2019s, acr\u00f3nimo de Unidad Vecinal de Absorci\u00f3n, tienen su origen [&hellip;]<\/p>\n","protected":false},"author":1,"featured_media":804,"parent":0,"menu_order":0,"comment_status":"closed","ping_status":"closed","template":"","meta":{"footnotes":""},"class_list":["post-728","page","type-page","status-publish","has-post-thumbnail","hentry"],"_links":{"self":[{"href":"https:\/\/smporres.archimadrid.es\/index.php?rest_route=\/wp\/v2\/pages\/728","targetHints":{"allow":["GET"]}}],"collection":[{"href":"https:\/\/smporres.archimadrid.es\/index.php?rest_route=\/wp\/v2\/pages"}],"about":[{"href":"https:\/\/smporres.archimadrid.es\/index.php?rest_route=\/wp\/v2\/types\/page"}],"author":[{"embeddable":true,"href":"https:\/\/smporres.archimadrid.es\/index.php?rest_route=\/wp\/v2\/users\/1"}],"replies":[{"embeddable":true,"href":"https:\/\/smporres.archimadrid.es\/index.php?rest_route=%2Fwp%2Fv2%2Fcomments&post=728"}],"version-history":[{"count":13,"href":"https:\/\/smporres.archimadrid.es\/index.php?rest_route=\/wp\/v2\/pages\/728\/revisions"}],"predecessor-version":[{"id":851,"href":"https:\/\/smporres.archimadrid.es\/index.php?rest_route=\/wp\/v2\/pages\/728\/revisions\/851"}],"wp:featuredmedia":[{"embeddable":true,"href":"https:\/\/smporres.archimadrid.es\/index.php?rest_route=\/wp\/v2\/media\/804"}],"wp:attachment":[{"href":"https:\/\/smporres.archimadrid.es\/index.php?rest_route=%2Fwp%2Fv2%2Fmedia&parent=728"}],"curies":[{"name":"wp","href":"https:\/\/api.w.org\/{rel}","templated":true}]}}