{"id":4986,"date":"2023-05-04T16:36:46","date_gmt":"2023-05-04T14:36:46","guid":{"rendered":"https:\/\/smporres.archimadrid.es\/?page_id=4986"},"modified":"2023-05-04T16:50:36","modified_gmt":"2023-05-04T14:50:36","slug":"matrimonios-y-bodas","status":"publish","type":"page","link":"https:\/\/smporres.archimadrid.es\/?page_id=4986","title":{"rendered":"Matrimonios y bodas"},"content":{"rendered":"\n<p><em>\u00abAs\u00ed que no son ya m\u00e1s dos, sino una sola carne; por tanto lo que Dios junt\u00f3, que no lo separe el hombre.\u00ab&nbsp;(Mateo 19:4)<\/em><\/p>\n\n\n\n<p>En nuestra parroquia, ofrecemos una variedad de servicios y recursos para acompa\u00f1ar a las parejas en su camino hacia el matrimonio y brindar apoyo a las familias en todas las etapas de su vida.<\/p>\n\n\n\n<p>Sabemos que el noviazgo es un tiempo especial en el que las parejas se conocen y construyen su relaci\u00f3n. La formaci\u00f3n pr\u00f3xima para el matrimonio es fundamental para construir una familia cristiana. Por ello, tenemos grupos de j\u00f3venes que se preparan estudiando las catequesis de la teolog\u00eda del cuerpo de san Juan Pablo II, un regalo precioso que nos dej\u00f3 como herencia este gran Papa.<\/p>\n\n\n\n<p>Cuando ya est\u00e1 cerca la celebraci\u00f3n del matrimonio, es importante realizar el cursillo prematrimonial, que es obligatorio para poder realizar el expediente de boda. Estos cursillos los hacemos personalizados con cada pareja, adapt\u00e1ndonos a sus posibilidades, para facilitarles lo m\u00e1s posible su asistencia. Contamos para ello con matrimonios espec\u00edficamente formados, que ayudar\u00e1n a los novios en la preparaci\u00f3n inmediata de la boda y a asentarse sobre la roca firme, indispensable para la vida familiar, que es Jesucristo.<\/p>\n\n\n\n<p>Seis meses antes de la boda, se realiza el correspondiente expediente matrimonial. Para ello, se pide cita en el despacho parroquial, con el p\u00e1rroco o un sacerdote. Es importante acudir con toda la documentaci\u00f3n necesaria, que est\u00e1 detallada al final de esta p\u00e1gina.<\/p>\n\n\n\n<p>La celebraci\u00f3n de la boda es el culmen, es el momento en que el novio y la novia expresan su consentimiento con el cual pasan a ser esposos. Es una celebraci\u00f3n que marcar\u00e1 sus vidas para siempre y dar\u00e1 inicio a la familia cristiana, que es imagen y semejanza de la Sant\u00edsima Trinidad. Por ello, es una instituci\u00f3n indisoluble y abierta a los hijos que Dios env\u00ede. A partir de este momento, los esposos son \u00abuna sola carne\u00bb en Cristo, y comenzar\u00e1n a vivir el sacramento matrimonial apoyados en su gracia.<\/p>\n\n\n\n<p>Sabemos que la vida es dif\u00edcil, que la convivencia es dura y se producen muchas \u00abcrisis\u00bb. Por eso, tambi\u00e9n os podemos acompa\u00f1ar en la vida familiar a trav\u00e9s de nuestro servicio de \u00abOrientaci\u00f3n Familiar\u00bb, y, sobre todo, de la iniciaci\u00f3n cristiana, que en la parroquia la vivimos en el Camino Neocatecumenal y en otras realidades que tambi\u00e9n nos ayudan a mantener la llama de la gracia de Dios viva en nosotros.<\/p>\n\n\n\n<p>Para cualquier consulta, puedes acudir al despacho parroquial, con gusto te informaremos.<\/p>\n\n\n\n<p><\/p>\n\n\n\n<p><strong>REQUISITOS PARA REALIZAR EL EXPEDIENTE MATRIMONIAL EN LA DI\u00d3CESIS DE MADRID:<\/strong><\/p>\n\n\n\n<ul class=\"wp-block-list\">\n<li>Certificado de Bautismo de cada contrayente (si est\u00e1 bautizado fuera de la di\u00f3cesis de Madrid debe estar legalizado en la di\u00f3cesis de origen)<\/li>\n\n\n\n<li>Partida de Nacimiento de cada contrayente (la expide el registro civil, extranjeros con apostilla)<\/li>\n\n\n\n<li>Certificado de Estado Civil (Fe de Vida y Estado) de cada contrayente (si hay matrimonio civil previo, Certificado de Matrimonio)<\/li>\n\n\n\n<li>Si ha habido otro Matrimonio Civil previo, Certificado de Matrimonio y Sentencia de Divorcio<\/li>\n\n\n\n<li>Si ha habido Nulidad de Matrimonio Can\u00f3nico, dos Sentencias de Nulidad<\/li>\n\n\n\n<li>Si alguno de los contrayentes es viudo, Certificado de Matrimonio y Certificado de Defunci\u00f3n del C\u00f3nyuge<\/li>\n\n\n\n<li>Certificado de Cursillo Prematrimonial v\u00e1lido (solo valen los cursillos realizados en las parroquias de forma presencial)<\/li>\n\n\n\n<li>Fotocopias DNI\/NIE\/Pasaporte<\/li>\n\n\n\n<li>Dos testigos, uno por cada contrayente<\/li>\n<\/ul>\n","protected":false},"excerpt":{"rendered":"<p>\u00abAs\u00ed que no son ya m\u00e1s dos, sino una sola carne; por tanto lo que Dios junt\u00f3, que no lo separe el hombre.\u00ab&nbsp;(Mateo 19:4) En nuestra parroquia, ofrecemos una variedad [&hellip;]<\/p>\n","protected":false},"author":1,"featured_media":4993,"parent":0,"menu_order":0,"comment_status":"closed","ping_status":"closed","template":"","meta":{"footnotes":""},"class_list":["post-4986","page","type-page","status-publish","has-post-thumbnail","hentry"],"_links":{"self":[{"href":"https:\/\/smporres.archimadrid.es\/index.php?rest_route=\/wp\/v2\/pages\/4986","targetHints":{"allow":["GET"]}}],"collection":[{"href":"https:\/\/smporres.archimadrid.es\/index.php?rest_route=\/wp\/v2\/pages"}],"about":[{"href":"https:\/\/smporres.archimadrid.es\/index.php?rest_route=\/wp\/v2\/types\/page"}],"author":[{"embeddable":true,"href":"https:\/\/smporres.archimadrid.es\/index.php?rest_route=\/wp\/v2\/users\/1"}],"replies":[{"embeddable":true,"href":"https:\/\/smporres.archimadrid.es\/index.php?rest_route=%2Fwp%2Fv2%2Fcomments&post=4986"}],"version-history":[{"count":3,"href":"https:\/\/smporres.archimadrid.es\/index.php?rest_route=\/wp\/v2\/pages\/4986\/revisions"}],"predecessor-version":[{"id":4991,"href":"https:\/\/smporres.archimadrid.es\/index.php?rest_route=\/wp\/v2\/pages\/4986\/revisions\/4991"}],"wp:featuredmedia":[{"embeddable":true,"href":"https:\/\/smporres.archimadrid.es\/index.php?rest_route=\/wp\/v2\/media\/4993"}],"wp:attachment":[{"href":"https:\/\/smporres.archimadrid.es\/index.php?rest_route=%2Fwp%2Fv2%2Fmedia&parent=4986"}],"curies":[{"name":"wp","href":"https:\/\/api.w.org\/{rel}","templated":true}]}}