{"id":439,"date":"2018-03-27T21:07:36","date_gmt":"2018-03-27T19:07:36","guid":{"rendered":"https:\/\/smporres.archimadrid.es\/?page_id=439"},"modified":"2023-03-27T18:32:02","modified_gmt":"2023-03-27T16:32:02","slug":"apuntate-al-mejor-campa","status":"publish","type":"page","link":"https:\/\/smporres.archimadrid.es\/?page_id=439","title":{"rendered":"CampaPorres"},"content":{"rendered":"<p><iframe loading=\"lazy\" title=\"Spot Campa 2018\" width=\"780\" height=\"439\" src=\"https:\/\/www.youtube.com\/embed\/SwusthxwclU?feature=oembed\" frameborder=\"0\" allow=\"accelerometer; autoplay; clipboard-write; encrypted-media; gyroscope; picture-in-picture; web-share\" referrerpolicy=\"strict-origin-when-cross-origin\" allowfullscreen><\/iframe><\/p>\n<p>Han pasado ya muchos a\u00f1os desde que nos lanzamos en esta aventura. Quer\u00edamos que los ni\u00f1os del barrio conocieran a Jes\u00fas, que les ama y les da la vida, as\u00ed como lo ha hecho con nosotros y con tantas personas en el mundo y en la historia.<\/p>\n<p>La experiencia ha sido fant\u00e1stica, hemos disfrutado mucho jugando, trabajando, rezando.<\/p>\n<p>Desde la Parroquia y C\u00e1ritas estamos haciendo todo lo necesario para que lo econ\u00f3mico no sea un problema.<\/p>\n<p><strong>Tirolinas<\/strong><\/p>\n<p>\u00bfTe atreves a tirarte entre los \u00e1rboles del bosque por las tirolinas?<\/p>\n<div style=\"width: 640px;\" class=\"wp-video\"><video class=\"wp-video-shortcode\" id=\"video-439-1\" width=\"640\" height=\"360\" preload=\"metadata\" controls=\"controls\"><source type=\"video\/mp4\" src=\"https:\/\/smporres.archimadrid.es\/wp-content\/uploads\/2018\/04\/tirolina.mp4?_=1\" \/><a href=\"https:\/\/smporres.archimadrid.es\/wp-content\/uploads\/2018\/04\/tirolina.mp4\">https:\/\/smporres.archimadrid.es\/wp-content\/uploads\/2018\/04\/tirolina.mp4<\/a><\/video><\/div>\n<p><strong>Bosque suspendido<\/strong><\/p>\n<p>En las instalaciones del recinto hay un bosque suspendido, para disfrutar de un d\u00eda de multiaventura.<\/p>\n<p><img loading=\"lazy\" decoding=\"async\" src=\"https:\/\/smporres.archimadrid.es\/wp-content\/uploads\/2018\/04\/IMG_5735.jpg\" alt=\"\" width=\"784\" height=\"588\" \/><\/p>\n<p><strong>Excursiones<\/strong><\/p>\n<p>Todos los a\u00f1os salimos de excursi\u00f3n a hacer pirag\u00fcismo, a montar en caballos, lo que Dios nos quiera regalar cada a\u00f1o.<\/p>\n<p><img loading=\"lazy\" decoding=\"async\" src=\"https:\/\/smporres.archimadrid.es\/wp-content\/uploads\/2018\/04\/IMG_4023-1024x768.jpg\" alt=\"\" width=\"780\" height=\"585\" \/><\/p>\n<p><strong>Veladas<\/strong><\/p>\n<p>Antes de irnos a la cama, nos divertimos con las mejores veladas para acabar el d\u00eda a tope.<\/p>\n<p><img loading=\"lazy\" decoding=\"async\" src=\"https:\/\/smporres.archimadrid.es\/wp-content\/uploads\/2018\/04\/IMG_6198.jpg\" alt=\"\" width=\"784\" height=\"588\" \/><\/p>\n<p><strong>Encuentros con Jes\u00fas<\/strong><\/p>\n<p>\u00bfC\u00f3mo no vamos a dar gracias a Dios por todos los regalos que nos da en el campamento y en la vida?<\/p>\n<p>Por eso, todos los d\u00edas rezamos por las ma\u00f1anas y celebramos la misa por las tardes.<\/p>\n<p><img loading=\"lazy\" decoding=\"async\" class=\"size-full wp-image-553\" src=\"https:\/\/smporres.archimadrid.es\/wp-content\/uploads\/2018\/04\/IMG_6183.jpg\" alt=\"\" width=\"784\" height=\"588\" srcset=\"https:\/\/smporres.archimadrid.es\/wp-content\/uploads\/2018\/04\/IMG_6183.jpg 784w, https:\/\/smporres.archimadrid.es\/wp-content\/uploads\/2018\/04\/IMG_6183-300x225.jpg 300w, https:\/\/smporres.archimadrid.es\/wp-content\/uploads\/2018\/04\/IMG_6183-768x576.jpg 768w\" sizes=\"auto, (max-width: 784px) 100vw, 784px\" \/><\/p>\n<p><strong>Sketchs<\/strong><\/p>\n<p>Los campamentos son tem\u00e1ticos. Antes de las comidas hacemos sketchs que nos meten en la historia.<\/p>\n<p><img loading=\"lazy\" decoding=\"async\" src=\"https:\/\/smporres.archimadrid.es\/wp-content\/uploads\/2018\/04\/IMG_6356-768x1024.jpg\" alt=\"\" width=\"768\" height=\"1024\" \/><\/p>\n<p><strong>Juegos<\/strong><\/p>\n<p>Durante el d\u00eda hacemos muchos juegos, talleres, excursiones&#8230; La diversi\u00f3n est\u00e1 asegurada.<\/p>\n<p><img loading=\"lazy\" decoding=\"async\" src=\"https:\/\/smporres.archimadrid.es\/wp-content\/uploads\/2018\/04\/IMG_5770-e1526030456111-1024x628.jpg\" alt=\"\" width=\"780\" height=\"478\" \/><\/p>\n<p><strong>Gymkhanas<\/strong><\/p>\n<p>Tambi\u00e9n hacemos competiciones de grupos, intentando recrear el tema del campamento.<\/p>\n<p><img loading=\"lazy\" decoding=\"async\" src=\"https:\/\/smporres.archimadrid.es\/wp-content\/uploads\/2018\/03\/IMG_6238-1024x768.jpg\" alt=\"\" width=\"780\" height=\"585\" \/><\/p>\n<p><strong>Los mejores monitores<\/strong><\/p>\n<p>Contamos con un equipo de coordinadores y monitores excelentes, que dejan todo para que os lo pas\u00e9is genial.<\/p>\n<p><img loading=\"lazy\" decoding=\"async\" src=\"https:\/\/smporres.archimadrid.es\/wp-content\/uploads\/2018\/03\/IMG_6182-1024x768.jpg\" alt=\"\" width=\"780\" height=\"585\" \/><\/p>\n","protected":false},"excerpt":{"rendered":"<p>Han pasado ya muchos a\u00f1os desde que nos lanzamos en esta aventura. Quer\u00edamos que los ni\u00f1os del barrio conocieran a Jes\u00fas, que les ama y les da la vida, as\u00ed [&hellip;]<\/p>\n","protected":false},"author":1,"featured_media":551,"parent":0,"menu_order":0,"comment_status":"closed","ping_status":"closed","template":"","meta":{"footnotes":""},"class_list":["post-439","page","type-page","status-publish","has-post-thumbnail","hentry"],"_links":{"self":[{"href":"https:\/\/smporres.archimadrid.es\/index.php?rest_route=\/wp\/v2\/pages\/439","targetHints":{"allow":["GET"]}}],"collection":[{"href":"https:\/\/smporres.archimadrid.es\/index.php?rest_route=\/wp\/v2\/pages"}],"about":[{"href":"https:\/\/smporres.archimadrid.es\/index.php?rest_route=\/wp\/v2\/types\/page"}],"author":[{"embeddable":true,"href":"https:\/\/smporres.archimadrid.es\/index.php?rest_route=\/wp\/v2\/users\/1"}],"replies":[{"embeddable":true,"href":"https:\/\/smporres.archimadrid.es\/index.php?rest_route=%2Fwp%2Fv2%2Fcomments&post=439"}],"version-history":[{"count":51,"href":"https:\/\/smporres.archimadrid.es\/index.php?rest_route=\/wp\/v2\/pages\/439\/revisions"}],"predecessor-version":[{"id":4959,"href":"https:\/\/smporres.archimadrid.es\/index.php?rest_route=\/wp\/v2\/pages\/439\/revisions\/4959"}],"wp:featuredmedia":[{"embeddable":true,"href":"https:\/\/smporres.archimadrid.es\/index.php?rest_route=\/wp\/v2\/media\/551"}],"wp:attachment":[{"href":"https:\/\/smporres.archimadrid.es\/index.php?rest_route=%2Fwp%2Fv2%2Fmedia&parent=439"}],"curies":[{"name":"wp","href":"https:\/\/api.w.org\/{rel}","templated":true}]}}