{"id":3850,"date":"2020-06-10T16:46:32","date_gmt":"2020-06-10T14:46:32","guid":{"rendered":"https:\/\/smporres.archimadrid.es\/?page_id=3850"},"modified":"2020-06-10T16:46:32","modified_gmt":"2020-06-10T14:46:32","slug":"181-ya-vienen-los-reyes-magos","status":"publish","type":"page","link":"https:\/\/smporres.archimadrid.es\/?page_id=3850","title":{"rendered":"181. YA VIENEN LOS REYES MAGOS"},"content":{"rendered":"\n<p>Ya vienen los Reyes magos.<br>Ya vienen los Reyes magos<br>caminito de Bel\u00e9n.<br>Ol\u00e9 ol\u00e9 Holanda y ol\u00e9<br>Holanda ya se ve, ya se ve, ya se ve.<\/p>\n\n\n\n<p>Cargaditos de juguetes,<br>cargaditos de juguetes<br>para el Ni\u00f1o de Bel\u00e9n.<br>Ol\u00e9 ol\u00e9 Holanda y ol\u00e9<br>Holanda ya se ve, ya se ve, ya se ve.<\/p>\n\n\n\n<p>La Virgen va caminando.<br>La Virgen va caminando<br>caminito de Bel\u00e9n.<br>Ol\u00e9 ol\u00e9 Holanda y ol\u00e9<br>Holanda ya se ve, ya se ve, ya se ve.<\/p>\n\n\n\n<p>Como el camino es tan largo.<br>Como el camino es tan largo<br>pide el ni\u00f1o de beber.<br>Ol\u00e9 ol\u00e9 Holanda y ol\u00e9<br>Holanda ya se ve, ya se ve, ya se ve.<\/p>\n\n\n\n<p>No pidas agua mi vida.<br>No pidas agua mi vida.<br>No pidas agua mi bien.<br>Ol\u00e9 ol\u00e9 Holanda y ol\u00e9<br>Holanda ya se ve, ya se ve, ya se ve.<\/p>\n\n\n\n<p>Que los r\u00edos vienen turbios.<br>Que los r\u00edos vienen turbios<br>y no se puede beber.<br>Ol\u00e9 ol\u00e9 Holanda y ol\u00e9<br>Holanda ya se ve, ya se ve, ya se ve.<\/p>\n","protected":false},"excerpt":{"rendered":"<p>Ya vienen los Reyes magos.Ya vienen los Reyes magoscaminito de Bel\u00e9n.Ol\u00e9 ol\u00e9 Holanda y ol\u00e9Holanda ya se ve, ya se ve, ya se ve. Cargaditos de juguetes,cargaditos de juguetespara el [&hellip;]<\/p>\n","protected":false},"author":1,"featured_media":0,"parent":0,"menu_order":0,"comment_status":"closed","ping_status":"closed","template":"","meta":{"footnotes":""},"class_list":["post-3850","page","type-page","status-publish","hentry"],"_links":{"self":[{"href":"https:\/\/smporres.archimadrid.es\/index.php?rest_route=\/wp\/v2\/pages\/3850","targetHints":{"allow":["GET"]}}],"collection":[{"href":"https:\/\/smporres.archimadrid.es\/index.php?rest_route=\/wp\/v2\/pages"}],"about":[{"href":"https:\/\/smporres.archimadrid.es\/index.php?rest_route=\/wp\/v2\/types\/page"}],"author":[{"embeddable":true,"href":"https:\/\/smporres.archimadrid.es\/index.php?rest_route=\/wp\/v2\/users\/1"}],"replies":[{"embeddable":true,"href":"https:\/\/smporres.archimadrid.es\/index.php?rest_route=%2Fwp%2Fv2%2Fcomments&post=3850"}],"version-history":[{"count":1,"href":"https:\/\/smporres.archimadrid.es\/index.php?rest_route=\/wp\/v2\/pages\/3850\/revisions"}],"predecessor-version":[{"id":3851,"href":"https:\/\/smporres.archimadrid.es\/index.php?rest_route=\/wp\/v2\/pages\/3850\/revisions\/3851"}],"wp:attachment":[{"href":"https:\/\/smporres.archimadrid.es\/index.php?rest_route=%2Fwp%2Fv2%2Fmedia&parent=3850"}],"curies":[{"name":"wp","href":"https:\/\/api.w.org\/{rel}","templated":true}]}}