{"id":3848,"date":"2020-06-10T16:45:21","date_gmt":"2020-06-10T14:45:21","guid":{"rendered":"https:\/\/smporres.archimadrid.es\/?page_id=3848"},"modified":"2020-06-10T16:45:21","modified_gmt":"2020-06-10T14:45:21","slug":"180-ya-vienen-los-reyes","status":"publish","type":"page","link":"https:\/\/smporres.archimadrid.es\/?page_id=3848","title":{"rendered":"180. YA VIENEN LOS REYES"},"content":{"rendered":"\n<p>Ya vienen los reyes por el arenal.<br>Ya le traen al Ni\u00f1o un rico pa\u00f1al.<\/p>\n\n\n\n<p>PAMPANITOS VERDES, HOJAS DE LIM\u00d3N,<br>LA VIRGEN MAR\u00cdA, MADRE DEL SE\u00d1OR<\/p>\n\n\n\n<p>Oro trae Melchor, incienso Gaspar<br>y olorosa mirra el rey Baltasar.<\/p>\n\n\n\n<p>Ya vienen los Reyes por aquel camino<br>ya le traen al Ni\u00f1o sopitas con vino,<br>ya le traen al Ni\u00f1o sopitas con vino.<\/p>\n","protected":false},"excerpt":{"rendered":"<p>Ya vienen los reyes por el arenal.Ya le traen al Ni\u00f1o un rico pa\u00f1al. PAMPANITOS VERDES, HOJAS DE LIM\u00d3N,LA VIRGEN MAR\u00cdA, MADRE DEL SE\u00d1OR Oro trae Melchor, incienso Gaspary olorosa [&hellip;]<\/p>\n","protected":false},"author":1,"featured_media":0,"parent":0,"menu_order":0,"comment_status":"closed","ping_status":"closed","template":"","meta":{"footnotes":""},"class_list":["post-3848","page","type-page","status-publish","hentry"],"_links":{"self":[{"href":"https:\/\/smporres.archimadrid.es\/index.php?rest_route=\/wp\/v2\/pages\/3848","targetHints":{"allow":["GET"]}}],"collection":[{"href":"https:\/\/smporres.archimadrid.es\/index.php?rest_route=\/wp\/v2\/pages"}],"about":[{"href":"https:\/\/smporres.archimadrid.es\/index.php?rest_route=\/wp\/v2\/types\/page"}],"author":[{"embeddable":true,"href":"https:\/\/smporres.archimadrid.es\/index.php?rest_route=\/wp\/v2\/users\/1"}],"replies":[{"embeddable":true,"href":"https:\/\/smporres.archimadrid.es\/index.php?rest_route=%2Fwp%2Fv2%2Fcomments&post=3848"}],"version-history":[{"count":1,"href":"https:\/\/smporres.archimadrid.es\/index.php?rest_route=\/wp\/v2\/pages\/3848\/revisions"}],"predecessor-version":[{"id":3849,"href":"https:\/\/smporres.archimadrid.es\/index.php?rest_route=\/wp\/v2\/pages\/3848\/revisions\/3849"}],"wp:attachment":[{"href":"https:\/\/smporres.archimadrid.es\/index.php?rest_route=%2Fwp%2Fv2%2Fmedia&parent=3848"}],"curies":[{"name":"wp","href":"https:\/\/api.w.org\/{rel}","templated":true}]}}