{"id":3846,"date":"2020-06-10T16:44:42","date_gmt":"2020-06-10T14:44:42","guid":{"rendered":"https:\/\/smporres.archimadrid.es\/?page_id=3846"},"modified":"2020-06-10T16:44:42","modified_gmt":"2020-06-10T14:44:42","slug":"179-ya-viene-mi-dios","status":"publish","type":"page","link":"https:\/\/smporres.archimadrid.es\/?page_id=3846","title":{"rendered":"179. YA VIENE MI DIOS"},"content":{"rendered":"\n<p>YA VIENE MI DIOS, YA VIENE MI REY,<br>YA VIENE MI DIOS, YA VIENE MI REY,<br>YA VIENE, YA VIENE MI SALVADOR,<br>YA VIENE, YA VIENE MI REY.<\/p>\n\n\n\n<p>Es un pobre obrero nacido en Bel\u00e9n,<br>su Madre Mar\u00eda su padre Jos\u00e9,<br>ya viene ya viene mi Salvador,<br>ya viene ya viene mi Rey.<\/p>\n\n\n\n<p>\u00c9l tiene unos ojos que hablan de amor,<br>que hablan del Padre que hablan de Dios,<br>ya viene ya viene mi Salvador,<br>ya viene ya viene mi Rey.<\/p>\n\n\n\n<p>Muri\u00f3 en un madero lleno de dolor,<br>muri\u00f3 por los hombres muy lleno de amor,<br>ya viene ya viene mi Salvador,<br>ya viene ya viene mi Rey.<\/p>\n\n\n\n<p>Ha entrado en la muerte, ha entrado mi Dios,<br>ya viene, ya sube, ya llega el Se\u00f1or,<br>que canten, que griten: \u00a1Resucit\u00f3!<br>Mi Dios ha vencido sali\u00f3 por amor.<\/p>\n","protected":false},"excerpt":{"rendered":"<p>YA VIENE MI DIOS, YA VIENE MI REY,YA VIENE MI DIOS, YA VIENE MI REY,YA VIENE, YA VIENE MI SALVADOR,YA VIENE, YA VIENE MI REY. Es un pobre obrero nacido [&hellip;]<\/p>\n","protected":false},"author":1,"featured_media":0,"parent":0,"menu_order":0,"comment_status":"closed","ping_status":"closed","template":"","meta":{"footnotes":""},"class_list":["post-3846","page","type-page","status-publish","hentry"],"_links":{"self":[{"href":"https:\/\/smporres.archimadrid.es\/index.php?rest_route=\/wp\/v2\/pages\/3846","targetHints":{"allow":["GET"]}}],"collection":[{"href":"https:\/\/smporres.archimadrid.es\/index.php?rest_route=\/wp\/v2\/pages"}],"about":[{"href":"https:\/\/smporres.archimadrid.es\/index.php?rest_route=\/wp\/v2\/types\/page"}],"author":[{"embeddable":true,"href":"https:\/\/smporres.archimadrid.es\/index.php?rest_route=\/wp\/v2\/users\/1"}],"replies":[{"embeddable":true,"href":"https:\/\/smporres.archimadrid.es\/index.php?rest_route=%2Fwp%2Fv2%2Fcomments&post=3846"}],"version-history":[{"count":1,"href":"https:\/\/smporres.archimadrid.es\/index.php?rest_route=\/wp\/v2\/pages\/3846\/revisions"}],"predecessor-version":[{"id":3847,"href":"https:\/\/smporres.archimadrid.es\/index.php?rest_route=\/wp\/v2\/pages\/3846\/revisions\/3847"}],"wp:attachment":[{"href":"https:\/\/smporres.archimadrid.es\/index.php?rest_route=%2Fwp%2Fv2%2Fmedia&parent=3846"}],"curies":[{"name":"wp","href":"https:\/\/api.w.org\/{rel}","templated":true}]}}