{"id":3844,"date":"2020-06-10T16:43:54","date_gmt":"2020-06-10T14:43:54","guid":{"rendered":"https:\/\/smporres.archimadrid.es\/?page_id=3844"},"modified":"2020-06-10T16:43:54","modified_gmt":"2020-06-10T14:43:54","slug":"178-riu-riu-chiu","status":"publish","type":"page","link":"https:\/\/smporres.archimadrid.es\/?page_id=3844","title":{"rendered":"178. RIU, RIU, CHIU"},"content":{"rendered":"\n<p>RIU, RIU, CHIU, LA GUARDA RIBERA,<br>DIOS GUARDE EL LOBO DE NUESTRA CORDERA.<\/p>\n\n\n\n<p>El lobo rabioso la quiso morder,<br>Mas Dios poderoso la supo defender,<br>Quizole hazer que no pudiesse pecar,<br>Ni aun original esta virgen no tuviera.<\/p>\n\n\n\n<p>Este qu&#8217;es nas\u00e7ido es el gran monarcha,<br>Christo patriarca de carne vestido.<br>Hanos redimido con se hazer chiquito,<br>Aunque era infinito, finito se hiziera.<\/p>\n\n\n\n<p>Este viene a dar a los muertos vida,<br>Y viene a reparar de todos la cayda;<br>Es la luz del dia aqueste mo\u00e7uelo,<br>Este es el cordero que San Juan dixera.<\/p>\n\n\n\n<p>Muchas profec\u00edas lo han profetizado,<br>Y aun en nuestros d\u00edas, lo hemos alcan\u00e7ado,<br>A Dios humanado vemos en el suelo,<br>Y al hombre en el cielo porque el lo quisiera.<\/p>\n\n\n\n<p>Mira bien que os cuadre que ansina lo oyera,<br>Que Dios no pudiera hazerla mas que madre;<br>El qu&#8217;era su Padre, oy d&#8217;ella nas\u00e7io,<br>Y el que la crio, su hijo se dixera.<\/p>\n\n\n\n<p>Yo vi mil gar\u00e7ones que andavan cantando.<br>Por aqui bolando haziendo mil sones,<br>Diziendo a gascones, gloria sea en el cielo,<br>Y paz en el suelo pues Jes\u00fas nas\u00e7iera.<\/p>\n\n\n\n<p>Pues que ya tenemos lo que deseamos,<br>Todos juntos vamos presentes llevemos;<br>Todos le daremos nuestra voluntad,<br>Pues a se igualar con nosotros viniera.<\/p>\n","protected":false},"excerpt":{"rendered":"<p>RIU, RIU, CHIU, LA GUARDA RIBERA,DIOS GUARDE EL LOBO DE NUESTRA CORDERA. El lobo rabioso la quiso morder,Mas Dios poderoso la supo defender,Quizole hazer que no pudiesse pecar,Ni aun original [&hellip;]<\/p>\n","protected":false},"author":1,"featured_media":0,"parent":0,"menu_order":0,"comment_status":"closed","ping_status":"closed","template":"","meta":{"footnotes":""},"class_list":["post-3844","page","type-page","status-publish","hentry"],"_links":{"self":[{"href":"https:\/\/smporres.archimadrid.es\/index.php?rest_route=\/wp\/v2\/pages\/3844","targetHints":{"allow":["GET"]}}],"collection":[{"href":"https:\/\/smporres.archimadrid.es\/index.php?rest_route=\/wp\/v2\/pages"}],"about":[{"href":"https:\/\/smporres.archimadrid.es\/index.php?rest_route=\/wp\/v2\/types\/page"}],"author":[{"embeddable":true,"href":"https:\/\/smporres.archimadrid.es\/index.php?rest_route=\/wp\/v2\/users\/1"}],"replies":[{"embeddable":true,"href":"https:\/\/smporres.archimadrid.es\/index.php?rest_route=%2Fwp%2Fv2%2Fcomments&post=3844"}],"version-history":[{"count":1,"href":"https:\/\/smporres.archimadrid.es\/index.php?rest_route=\/wp\/v2\/pages\/3844\/revisions"}],"predecessor-version":[{"id":3845,"href":"https:\/\/smporres.archimadrid.es\/index.php?rest_route=\/wp\/v2\/pages\/3844\/revisions\/3845"}],"wp:attachment":[{"href":"https:\/\/smporres.archimadrid.es\/index.php?rest_route=%2Fwp%2Fv2%2Fmedia&parent=3844"}],"curies":[{"name":"wp","href":"https:\/\/api.w.org\/{rel}","templated":true}]}}