{"id":3837,"date":"2020-06-10T16:40:24","date_gmt":"2020-06-10T14:40:24","guid":{"rendered":"https:\/\/smporres.archimadrid.es\/?page_id=3837"},"modified":"2020-06-10T16:40:48","modified_gmt":"2020-06-10T14:40:48","slug":"175-noche-anunciada","status":"publish","type":"page","link":"https:\/\/smporres.archimadrid.es\/?page_id=3837","title":{"rendered":"175. NOCHE ANUNCIADA"},"content":{"rendered":"\n<div class=\"wp-block-group\"><div class=\"wp-block-group__inner-container is-layout-flow wp-block-group-is-layout-flow\">\n<p>Noche anunciada, noche de amor,<br>Dios ha nacido, p\u00e9talo y flor.<\/p>\n\n\n\n<p>Pobre silencio y serenidad,<br>paz a los hombres es Navidad.<\/p>\n<\/div><\/div>\n\n\n\n<p>En el pesebre, mi Redentor,<br>es mensajero de paz y amor.<\/p>\n\n\n\n<p>Cuando sonr\u00ede se hace la luz,<br>y en sus bracitos se hace una cruz.<\/p>\n\n\n\n<p>\u00c1ngeles cantan en el portal,<br>Dios ha nacido es Navidad.<\/p>\n\n\n\n<p>\u00c9sta es la noche que prometi\u00f3,<br>Dios a los hombres y ya lleg\u00f3.<\/p>\n\n\n\n<p>Es Nochebuena, no hay que dormir,<br>Dios ha nacido, Dios est\u00e1 aqu\u00ed.<\/p>\n","protected":false},"excerpt":{"rendered":"<p>Noche anunciada, noche de amor,Dios ha nacido, p\u00e9talo y flor. Pobre silencio y serenidad,paz a los hombres es Navidad. En el pesebre, mi Redentor,es mensajero de paz y amor. Cuando [&hellip;]<\/p>\n","protected":false},"author":1,"featured_media":0,"parent":0,"menu_order":0,"comment_status":"closed","ping_status":"closed","template":"","meta":{"footnotes":""},"class_list":["post-3837","page","type-page","status-publish","hentry"],"_links":{"self":[{"href":"https:\/\/smporres.archimadrid.es\/index.php?rest_route=\/wp\/v2\/pages\/3837","targetHints":{"allow":["GET"]}}],"collection":[{"href":"https:\/\/smporres.archimadrid.es\/index.php?rest_route=\/wp\/v2\/pages"}],"about":[{"href":"https:\/\/smporres.archimadrid.es\/index.php?rest_route=\/wp\/v2\/types\/page"}],"author":[{"embeddable":true,"href":"https:\/\/smporres.archimadrid.es\/index.php?rest_route=\/wp\/v2\/users\/1"}],"replies":[{"embeddable":true,"href":"https:\/\/smporres.archimadrid.es\/index.php?rest_route=%2Fwp%2Fv2%2Fcomments&post=3837"}],"version-history":[{"count":2,"href":"https:\/\/smporres.archimadrid.es\/index.php?rest_route=\/wp\/v2\/pages\/3837\/revisions"}],"predecessor-version":[{"id":3839,"href":"https:\/\/smporres.archimadrid.es\/index.php?rest_route=\/wp\/v2\/pages\/3837\/revisions\/3839"}],"wp:attachment":[{"href":"https:\/\/smporres.archimadrid.es\/index.php?rest_route=%2Fwp%2Fv2%2Fmedia&parent=3837"}],"curies":[{"name":"wp","href":"https:\/\/api.w.org\/{rel}","templated":true}]}}