{"id":3835,"date":"2020-06-10T16:39:07","date_gmt":"2020-06-10T14:39:07","guid":{"rendered":"https:\/\/smporres.archimadrid.es\/?page_id=3835"},"modified":"2020-06-10T16:39:07","modified_gmt":"2020-06-10T14:39:07","slug":"174-pastorcito-de-belen","status":"publish","type":"page","link":"https:\/\/smporres.archimadrid.es\/?page_id=3835","title":{"rendered":"174. PASTORCITO DE BELEN"},"content":{"rendered":"\n<p>El Ni\u00f1o Dios ha nacido<br>all\u00e1 lejos en Bel\u00e9n,<br>vendr\u00e1n los reyes a verlo<br>y los pastores tambi\u00e9n.<br>El Ni\u00f1o Dios ha nacido<br>all\u00e1 lejos en Bel\u00e9n.<\/p>\n\n\n\n<p>\u00a1AY! NI\u00d1ITO DE BEL\u00c9N,<br>RUEGA POR TODOS<br>POR M\u00cd TAMBI\u00c9N.<\/p>\n\n\n\n<p>Su padre c\u00f3mo le mira,<br>su madre llorando est\u00e1,<br>quiz\u00e1 que llore sabiendo<br>tormentos que ha de pasar.<br>\u00a1Su padre c\u00f3mo le mira!<br>\u00a1Su madre llorando est\u00e1!<\/p>\n\n\n\n<p>Los reyes le traen oro,<br>los pastores su bondad<br>y una estrellita del cielo<br>plata del cielo le da.<br>Los reyes le traen oro,<br>los pastores su bondad.<\/p>\n","protected":false},"excerpt":{"rendered":"<p>El Ni\u00f1o Dios ha nacidoall\u00e1 lejos en Bel\u00e9n,vendr\u00e1n los reyes a verloy los pastores tambi\u00e9n.El Ni\u00f1o Dios ha nacidoall\u00e1 lejos en Bel\u00e9n. \u00a1AY! NI\u00d1ITO DE BEL\u00c9N,RUEGA POR TODOSPOR M\u00cd TAMBI\u00c9N. [&hellip;]<\/p>\n","protected":false},"author":1,"featured_media":0,"parent":0,"menu_order":0,"comment_status":"closed","ping_status":"closed","template":"","meta":{"footnotes":""},"class_list":["post-3835","page","type-page","status-publish","hentry"],"_links":{"self":[{"href":"https:\/\/smporres.archimadrid.es\/index.php?rest_route=\/wp\/v2\/pages\/3835","targetHints":{"allow":["GET"]}}],"collection":[{"href":"https:\/\/smporres.archimadrid.es\/index.php?rest_route=\/wp\/v2\/pages"}],"about":[{"href":"https:\/\/smporres.archimadrid.es\/index.php?rest_route=\/wp\/v2\/types\/page"}],"author":[{"embeddable":true,"href":"https:\/\/smporres.archimadrid.es\/index.php?rest_route=\/wp\/v2\/users\/1"}],"replies":[{"embeddable":true,"href":"https:\/\/smporres.archimadrid.es\/index.php?rest_route=%2Fwp%2Fv2%2Fcomments&post=3835"}],"version-history":[{"count":1,"href":"https:\/\/smporres.archimadrid.es\/index.php?rest_route=\/wp\/v2\/pages\/3835\/revisions"}],"predecessor-version":[{"id":3836,"href":"https:\/\/smporres.archimadrid.es\/index.php?rest_route=\/wp\/v2\/pages\/3835\/revisions\/3836"}],"wp:attachment":[{"href":"https:\/\/smporres.archimadrid.es\/index.php?rest_route=%2Fwp%2Fv2%2Fmedia&parent=3835"}],"curies":[{"name":"wp","href":"https:\/\/api.w.org\/{rel}","templated":true}]}}