{"id":3833,"date":"2020-06-10T16:38:13","date_gmt":"2020-06-10T14:38:13","guid":{"rendered":"https:\/\/smporres.archimadrid.es\/?page_id=3833"},"modified":"2020-06-10T16:38:13","modified_gmt":"2020-06-10T14:38:13","slug":"173-los-peces-en-el-rio","status":"publish","type":"page","link":"https:\/\/smporres.archimadrid.es\/?page_id=3833","title":{"rendered":"173. LOS PECES EN EL R\u00cdO"},"content":{"rendered":"\n<p>PERO MIRA C\u00d3MO BEBEN LOS PECES EN EL R\u00cdO<br>PERO MIRA C\u00d3MO BEBEN POR VER AL DIOS NACIDO.<br>BEBEN Y BEBEN Y VUELVEN A BEBER,<br>LOS PECES EN EL R\u00cdO POR VER A DIOS NACER.<\/p>\n\n\n\n<p>La Virgen est\u00e1 lavando<br>y tendiendo en el romero,<br>los pajaritos cantando<br>y el romero floreciendo.<\/p>\n\n\n\n<p>La Virgen se est\u00e1 peinando<br>entre cortina y cortina,<br>los cabellos son de oro<br>y el peine de plata fina.<\/p>\n","protected":false},"excerpt":{"rendered":"<p>PERO MIRA C\u00d3MO BEBEN LOS PECES EN EL R\u00cdOPERO MIRA C\u00d3MO BEBEN POR VER AL DIOS NACIDO.BEBEN Y BEBEN Y VUELVEN A BEBER,LOS PECES EN EL R\u00cdO POR VER A [&hellip;]<\/p>\n","protected":false},"author":1,"featured_media":0,"parent":0,"menu_order":0,"comment_status":"closed","ping_status":"closed","template":"","meta":{"footnotes":""},"class_list":["post-3833","page","type-page","status-publish","hentry"],"_links":{"self":[{"href":"https:\/\/smporres.archimadrid.es\/index.php?rest_route=\/wp\/v2\/pages\/3833","targetHints":{"allow":["GET"]}}],"collection":[{"href":"https:\/\/smporres.archimadrid.es\/index.php?rest_route=\/wp\/v2\/pages"}],"about":[{"href":"https:\/\/smporres.archimadrid.es\/index.php?rest_route=\/wp\/v2\/types\/page"}],"author":[{"embeddable":true,"href":"https:\/\/smporres.archimadrid.es\/index.php?rest_route=\/wp\/v2\/users\/1"}],"replies":[{"embeddable":true,"href":"https:\/\/smporres.archimadrid.es\/index.php?rest_route=%2Fwp%2Fv2%2Fcomments&post=3833"}],"version-history":[{"count":1,"href":"https:\/\/smporres.archimadrid.es\/index.php?rest_route=\/wp\/v2\/pages\/3833\/revisions"}],"predecessor-version":[{"id":3834,"href":"https:\/\/smporres.archimadrid.es\/index.php?rest_route=\/wp\/v2\/pages\/3833\/revisions\/3834"}],"wp:attachment":[{"href":"https:\/\/smporres.archimadrid.es\/index.php?rest_route=%2Fwp%2Fv2%2Fmedia&parent=3833"}],"curies":[{"name":"wp","href":"https:\/\/api.w.org\/{rel}","templated":true}]}}