{"id":3826,"date":"2020-06-10T16:30:33","date_gmt":"2020-06-10T14:30:33","guid":{"rendered":"https:\/\/smporres.archimadrid.es\/?page_id=3826"},"modified":"2020-06-10T16:30:33","modified_gmt":"2020-06-10T14:30:33","slug":"170-la-marimorena","status":"publish","type":"page","link":"https:\/\/smporres.archimadrid.es\/?page_id=3826","title":{"rendered":"170. LA MARIMORENA"},"content":{"rendered":"\n<p>ANDE, ANDE, ANDE LA MARIMORENA<br>ANDE, ANDE QUE ES LA NOCHEBUENA<\/p>\n\n\n\n<p>En el portal de Bel\u00e9n hay estrellas, sol y luna<br>la Virgen y San Jos\u00e9, y el Ni\u00f1o que est\u00e1 en la cuna<\/p>\n\n\n\n<p>Y si quieres comprar pan m\u00e1s blanco que la azucena<br>en el portal de Bel\u00e9n la Virgen es panadera<\/p>\n\n\n\n<p>Un pastor comiendo sopas en el aire divis\u00f3<br>un \u00e1ngel que le dec\u00eda ha nacido el Redentor<\/p>\n\n\n\n<p>De Oriente salen tres Reyes para adorar al Dios Ni\u00f1o<br>una estrella les guiaba para seguir el camino.<\/p>\n\n\n\n<p>A esta puerta hemos llegado cuatrocientos en cuadrilla<br>si quieres que nos sentemos saca cuatrocientas sillas<\/p>\n\n\n\n<p>Saca una para m\u00ed y otra \u00abpa\u00bb mi compa\u00f1ero<br>y los que vengan detr\u00e1s que se sienten en el suelo<\/p>\n\n\n\n<p>En el portal de Bel\u00e9n han entrado los ratones<br>y al bueno de San Jos\u00e9 le han ro\u00eddo los calzones<br>En el Portal de Bel\u00e9n hay un hombre haciendo gachas<br>con la cuchara en la mano repartiendo a las muchachas<\/p>\n\n\n\n<p>Una estrella se ha perdido y en el cielo no aparece,<br>se ha metido en el Portal y en Su rostro resplandece.<\/p>\n\n\n\n<p>En el Portal de Bel\u00e9n hacen Luna los pastores<br>para calentar al ni\u00f1o que ha nacido entre las flores.<\/p>\n","protected":false},"excerpt":{"rendered":"<p>ANDE, ANDE, ANDE LA MARIMORENAANDE, ANDE QUE ES LA NOCHEBUENA En el portal de Bel\u00e9n hay estrellas, sol y lunala Virgen y San Jos\u00e9, y el Ni\u00f1o que est\u00e1 en [&hellip;]<\/p>\n","protected":false},"author":1,"featured_media":0,"parent":0,"menu_order":0,"comment_status":"closed","ping_status":"closed","template":"","meta":{"footnotes":""},"class_list":["post-3826","page","type-page","status-publish","hentry"],"_links":{"self":[{"href":"https:\/\/smporres.archimadrid.es\/index.php?rest_route=\/wp\/v2\/pages\/3826","targetHints":{"allow":["GET"]}}],"collection":[{"href":"https:\/\/smporres.archimadrid.es\/index.php?rest_route=\/wp\/v2\/pages"}],"about":[{"href":"https:\/\/smporres.archimadrid.es\/index.php?rest_route=\/wp\/v2\/types\/page"}],"author":[{"embeddable":true,"href":"https:\/\/smporres.archimadrid.es\/index.php?rest_route=\/wp\/v2\/users\/1"}],"replies":[{"embeddable":true,"href":"https:\/\/smporres.archimadrid.es\/index.php?rest_route=%2Fwp%2Fv2%2Fcomments&post=3826"}],"version-history":[{"count":1,"href":"https:\/\/smporres.archimadrid.es\/index.php?rest_route=\/wp\/v2\/pages\/3826\/revisions"}],"predecessor-version":[{"id":3827,"href":"https:\/\/smporres.archimadrid.es\/index.php?rest_route=\/wp\/v2\/pages\/3826\/revisions\/3827"}],"wp:attachment":[{"href":"https:\/\/smporres.archimadrid.es\/index.php?rest_route=%2Fwp%2Fv2%2Fmedia&parent=3826"}],"curies":[{"name":"wp","href":"https:\/\/api.w.org\/{rel}","templated":true}]}}