{"id":3824,"date":"2020-06-10T16:29:49","date_gmt":"2020-06-10T14:29:49","guid":{"rendered":"https:\/\/smporres.archimadrid.es\/?page_id=3824"},"modified":"2020-06-10T16:29:49","modified_gmt":"2020-06-10T14:29:49","slug":"169-hacia-belen-va-una-burra","status":"publish","type":"page","link":"https:\/\/smporres.archimadrid.es\/?page_id=3824","title":{"rendered":"169. HACIA BEL\u00c9N VA UNA BURRA"},"content":{"rendered":"\n<p>Hacia Bel\u00e9n va una burra, rin, rin,<br>yo me remendaba yo me remend\u00e9<br>yo me ech\u00e9 un remiendo yo me lo quit\u00e9,<br>cargada de chocolate;<\/p>\n\n\n\n<p>Lleva en su chocolatera rin, rin<br>yo me remendaba yo me remend\u00e9<br>yo me ech\u00e9 un remiendo yo me lo quit\u00e9,<br>su molinillo y su anafre.<\/p>\n\n\n\n<p>MARIA, MARIA, VEN A AC\u00c1 CORRIENDO,<br>QUE EL CHOCOLATILLO SE LO EST\u00c1N COMIENDO.<\/p>\n\n\n\n<p>En el portal de Bel\u00e9n rin, rin<br>yo me remendaba yo me remend\u00e9<br>Yo me ech\u00e9 un remiendo yo me lo quit\u00e9,<br>han entrado los ratones;<br>y al bueno de San Jos\u00e9 rin, rin,<br>yo me remendaba yo me remend\u00e9<br>Yo me ech\u00e9 un remiendo yo me lo quit\u00e9,<br>le han ro\u00eddo los calzones.<\/p>\n\n\n\n<p>MAR\u00cdA, MARIA\u2026 VEN AC\u00c1 CORRIENDO,<br>QUE LOS CALZONCILLOS LOS EST\u00c1N ROYENDO.<\/p>\n\n\n\n<p>En el Portal de Bel\u00e9n rin, rin,<br>yo me remendaba yo me remend\u00e9<br>yo me ech\u00e9 un remiendo yo me lo quit\u00e9,<br>gitanillos han entrado;<br>y al ni\u00f1o que est\u00e1 en la cuna rin, rin<br>yo me remendaba yo me remend\u00e9<br>yo me ech\u00e9 un remiendo yo me lo quit\u00e9,<br>los pa\u00f1ales le han cambiado.<\/p>\n\n\n\n<p>MARIA, MAR\u00cdA VEN AC\u00c1 VOLANDO,<br>QUE LOS PA\u00d1ALILLOS LOS EST\u00c1N LAVANDO.<\/p>\n","protected":false},"excerpt":{"rendered":"<p>Hacia Bel\u00e9n va una burra, rin, rin,yo me remendaba yo me remend\u00e9yo me ech\u00e9 un remiendo yo me lo quit\u00e9,cargada de chocolate; Lleva en su chocolatera rin, rinyo me remendaba [&hellip;]<\/p>\n","protected":false},"author":1,"featured_media":0,"parent":0,"menu_order":0,"comment_status":"closed","ping_status":"closed","template":"","meta":{"footnotes":""},"class_list":["post-3824","page","type-page","status-publish","hentry"],"_links":{"self":[{"href":"https:\/\/smporres.archimadrid.es\/index.php?rest_route=\/wp\/v2\/pages\/3824","targetHints":{"allow":["GET"]}}],"collection":[{"href":"https:\/\/smporres.archimadrid.es\/index.php?rest_route=\/wp\/v2\/pages"}],"about":[{"href":"https:\/\/smporres.archimadrid.es\/index.php?rest_route=\/wp\/v2\/types\/page"}],"author":[{"embeddable":true,"href":"https:\/\/smporres.archimadrid.es\/index.php?rest_route=\/wp\/v2\/users\/1"}],"replies":[{"embeddable":true,"href":"https:\/\/smporres.archimadrid.es\/index.php?rest_route=%2Fwp%2Fv2%2Fcomments&post=3824"}],"version-history":[{"count":1,"href":"https:\/\/smporres.archimadrid.es\/index.php?rest_route=\/wp\/v2\/pages\/3824\/revisions"}],"predecessor-version":[{"id":3825,"href":"https:\/\/smporres.archimadrid.es\/index.php?rest_route=\/wp\/v2\/pages\/3824\/revisions\/3825"}],"wp:attachment":[{"href":"https:\/\/smporres.archimadrid.es\/index.php?rest_route=%2Fwp%2Fv2%2Fmedia&parent=3824"}],"curies":[{"name":"wp","href":"https:\/\/api.w.org\/{rel}","templated":true}]}}