{"id":3820,"date":"2020-06-10T16:28:12","date_gmt":"2020-06-10T14:28:12","guid":{"rendered":"https:\/\/smporres.archimadrid.es\/?page_id=3820"},"modified":"2020-06-10T16:28:12","modified_gmt":"2020-06-10T14:28:12","slug":"167-el-tamborilero","status":"publish","type":"page","link":"https:\/\/smporres.archimadrid.es\/?page_id=3820","title":{"rendered":"167. EL TAMBORILERO"},"content":{"rendered":"\n<p>El camino que lleva a Bel\u00e9n<br>baja hasta el valle que la nieve cubri\u00f3.<br>Los pastorcillos quieren ver a su Rey,<br>le traen regalos en su humilde zurr\u00f3n<br>ropopompom, ropopompom.<br>Ha nacido en un portal de Bel\u00e9n<br>el ni\u00f1o Dios.<\/p>\n\n\n\n<p>Yo quisiera poner a tus pies<br>alg\u00fan presente que te agrade Se\u00f1or,<br>mas T\u00fa ya sabes que soy pobre tambi\u00e9n,<br>y no poseo m\u00e1s que un viejo tambor.<br>ropopompom, ropopompom.<br>\u00a1En tu honor frente al portal tocar\u00e9<br>con mi tambor!<\/p>\n\n\n\n<p>El camino que lleva a Bel\u00e9n<br>yo voy marcando con mi viejo tambor,<br>nada hay mejor que yo te pueda ofrecer,<br>su ronco acento es un canto de amor<br>ropopompom, ropopompom.<br>Cuando Dios me vio tocando ante El<br>me sonri\u00f3.<\/p>\n","protected":false},"excerpt":{"rendered":"<p>El camino que lleva a Bel\u00e9nbaja hasta el valle que la nieve cubri\u00f3.Los pastorcillos quieren ver a su Rey,le traen regalos en su humilde zurr\u00f3nropopompom, ropopompom.Ha nacido en un portal [&hellip;]<\/p>\n","protected":false},"author":1,"featured_media":0,"parent":0,"menu_order":0,"comment_status":"closed","ping_status":"closed","template":"","meta":{"footnotes":""},"class_list":["post-3820","page","type-page","status-publish","hentry"],"_links":{"self":[{"href":"https:\/\/smporres.archimadrid.es\/index.php?rest_route=\/wp\/v2\/pages\/3820","targetHints":{"allow":["GET"]}}],"collection":[{"href":"https:\/\/smporres.archimadrid.es\/index.php?rest_route=\/wp\/v2\/pages"}],"about":[{"href":"https:\/\/smporres.archimadrid.es\/index.php?rest_route=\/wp\/v2\/types\/page"}],"author":[{"embeddable":true,"href":"https:\/\/smporres.archimadrid.es\/index.php?rest_route=\/wp\/v2\/users\/1"}],"replies":[{"embeddable":true,"href":"https:\/\/smporres.archimadrid.es\/index.php?rest_route=%2Fwp%2Fv2%2Fcomments&post=3820"}],"version-history":[{"count":1,"href":"https:\/\/smporres.archimadrid.es\/index.php?rest_route=\/wp\/v2\/pages\/3820\/revisions"}],"predecessor-version":[{"id":3821,"href":"https:\/\/smporres.archimadrid.es\/index.php?rest_route=\/wp\/v2\/pages\/3820\/revisions\/3821"}],"wp:attachment":[{"href":"https:\/\/smporres.archimadrid.es\/index.php?rest_route=%2Fwp%2Fv2%2Fmedia&parent=3820"}],"curies":[{"name":"wp","href":"https:\/\/api.w.org\/{rel}","templated":true}]}}