{"id":3818,"date":"2020-06-10T16:27:26","date_gmt":"2020-06-10T14:27:26","guid":{"rendered":"https:\/\/smporres.archimadrid.es\/?page_id=3818"},"modified":"2020-06-10T16:27:26","modified_gmt":"2020-06-10T14:27:26","slug":"166-dime-nino","status":"publish","type":"page","link":"https:\/\/smporres.archimadrid.es\/?page_id=3818","title":{"rendered":"166. DIME NI\u00d1O\u2026"},"content":{"rendered":"\n<p>Dime Ni\u00f1o de qui\u00e9n eres todo vestidito de blanco.<br>Soy de la Virgen Mar\u00eda y del Esp\u00edritu Santo.<\/p>\n\n\n\n<p>RESUENEN CON ALEGR\u00cdA<br>LOS C\u00c1NTICOS DE MI TIERRA<br>Y VIVA EL NI\u00d1O DE DIOS<br>QUE NACI\u00d3 EN LA NOCHEBUENA.<\/p>\n\n\n\n<p>LA NOCHEBUENA SE VIENE, TURUR\u00da<br>LA NOCHEBUENA SE VA.<br>Y NOSOTROS NOS IREMOS, TURUR\u00da<br>Y NO VOLVEREMOS M\u00c1S.<\/p>\n\n\n\n<p>Dime Ni\u00f1o de qui\u00e9n eres y si te llamas Jes\u00fas.<br>Soy amor en el pesebre y sufrimiento en la Cruz.<\/p>\n","protected":false},"excerpt":{"rendered":"<p>Dime Ni\u00f1o de qui\u00e9n eres todo vestidito de blanco.Soy de la Virgen Mar\u00eda y del Esp\u00edritu Santo. RESUENEN CON ALEGR\u00cdALOS C\u00c1NTICOS DE MI TIERRAY VIVA EL NI\u00d1O DE DIOSQUE NACI\u00d3 [&hellip;]<\/p>\n","protected":false},"author":1,"featured_media":0,"parent":0,"menu_order":0,"comment_status":"closed","ping_status":"closed","template":"","meta":{"footnotes":""},"class_list":["post-3818","page","type-page","status-publish","hentry"],"_links":{"self":[{"href":"https:\/\/smporres.archimadrid.es\/index.php?rest_route=\/wp\/v2\/pages\/3818","targetHints":{"allow":["GET"]}}],"collection":[{"href":"https:\/\/smporres.archimadrid.es\/index.php?rest_route=\/wp\/v2\/pages"}],"about":[{"href":"https:\/\/smporres.archimadrid.es\/index.php?rest_route=\/wp\/v2\/types\/page"}],"author":[{"embeddable":true,"href":"https:\/\/smporres.archimadrid.es\/index.php?rest_route=\/wp\/v2\/users\/1"}],"replies":[{"embeddable":true,"href":"https:\/\/smporres.archimadrid.es\/index.php?rest_route=%2Fwp%2Fv2%2Fcomments&post=3818"}],"version-history":[{"count":1,"href":"https:\/\/smporres.archimadrid.es\/index.php?rest_route=\/wp\/v2\/pages\/3818\/revisions"}],"predecessor-version":[{"id":3819,"href":"https:\/\/smporres.archimadrid.es\/index.php?rest_route=\/wp\/v2\/pages\/3818\/revisions\/3819"}],"wp:attachment":[{"href":"https:\/\/smporres.archimadrid.es\/index.php?rest_route=%2Fwp%2Fv2%2Fmedia&parent=3818"}],"curies":[{"name":"wp","href":"https:\/\/api.w.org\/{rel}","templated":true}]}}