{"id":3816,"date":"2020-06-10T16:25:59","date_gmt":"2020-06-10T14:25:59","guid":{"rendered":"https:\/\/smporres.archimadrid.es\/?page_id=3816"},"modified":"2020-06-10T16:25:59","modified_gmt":"2020-06-10T14:25:59","slug":"165-carita-divina","status":"publish","type":"page","link":"https:\/\/smporres.archimadrid.es\/?page_id=3816","title":{"rendered":"165. CARITA DIVINA"},"content":{"rendered":"\n<p>Envidia tienen las fuentes del color<br>de su carita divina, de su carita divina.<br>Y yo estoy viendo en la frente de mi Dios<br>una corona de espinas,<br>que dolor, que dolor,<br>una corona de espinas.<\/p>\n\n\n\n<p>Pastores de la laguna<br>ponerse tos a llorar.<br>Pastores de la laguna<br>ponerse tos a llorar.<br>Que el ni\u00f1o que est\u00e1 en la cuna<br>en una cruz morir\u00e1.<br>Que el ni\u00f1o que est\u00e1 en la cuna<br>en una cruz morir\u00e1.<\/p>\n\n\n\n<p>La noche de nochebuena<br>ponerse tos a cantar.<br>La noche de nochebuena<br>ponerse tos a cantar.<br>Que esta carita morena<br>sonr\u00ede por no llorar.<br>Que esta carita morena<br>sonr\u00ede por no llorar.<\/p>\n","protected":false},"excerpt":{"rendered":"<p>Envidia tienen las fuentes del colorde su carita divina, de su carita divina.Y yo estoy viendo en la frente de mi Diosuna corona de espinas,que dolor, que dolor,una corona de [&hellip;]<\/p>\n","protected":false},"author":1,"featured_media":0,"parent":0,"menu_order":0,"comment_status":"closed","ping_status":"closed","template":"","meta":{"footnotes":""},"class_list":["post-3816","page","type-page","status-publish","hentry"],"_links":{"self":[{"href":"https:\/\/smporres.archimadrid.es\/index.php?rest_route=\/wp\/v2\/pages\/3816","targetHints":{"allow":["GET"]}}],"collection":[{"href":"https:\/\/smporres.archimadrid.es\/index.php?rest_route=\/wp\/v2\/pages"}],"about":[{"href":"https:\/\/smporres.archimadrid.es\/index.php?rest_route=\/wp\/v2\/types\/page"}],"author":[{"embeddable":true,"href":"https:\/\/smporres.archimadrid.es\/index.php?rest_route=\/wp\/v2\/users\/1"}],"replies":[{"embeddable":true,"href":"https:\/\/smporres.archimadrid.es\/index.php?rest_route=%2Fwp%2Fv2%2Fcomments&post=3816"}],"version-history":[{"count":1,"href":"https:\/\/smporres.archimadrid.es\/index.php?rest_route=\/wp\/v2\/pages\/3816\/revisions"}],"predecessor-version":[{"id":3817,"href":"https:\/\/smporres.archimadrid.es\/index.php?rest_route=\/wp\/v2\/pages\/3816\/revisions\/3817"}],"wp:attachment":[{"href":"https:\/\/smporres.archimadrid.es\/index.php?rest_route=%2Fwp%2Fv2%2Fmedia&parent=3816"}],"curies":[{"name":"wp","href":"https:\/\/api.w.org\/{rel}","templated":true}]}}