{"id":3812,"date":"2020-06-10T16:24:02","date_gmt":"2020-06-10T14:24:02","guid":{"rendered":"https:\/\/smporres.archimadrid.es\/?page_id=3812"},"modified":"2020-06-10T16:24:02","modified_gmt":"2020-06-10T14:24:02","slug":"163-cantaba-jose","status":"publish","type":"page","link":"https:\/\/smporres.archimadrid.es\/?page_id=3812","title":{"rendered":"163. CANTABA JOS\u00c9"},"content":{"rendered":"\n<p>CANTABA JOS\u00c9, MAR\u00cdA LAVABA<br>TENDIENDO LOS TRAPOS, PAQUE SE SECARAN,<br>PAQUE SE SECARAN, PAQUE SE SECARAN.<br>EL NI\u00d1O DORM\u00cdA. JOS\u00c9 LE CANTABA.<\/p>\n\n\n\n<p>Descansando al lado de un pozo<br>a la sombra de un cipr\u00e9s,<br>a la sombra de un cipr\u00e9s,<br>los pastores se han parado<br>antes de llegar a Bel\u00e9n,<br>antes de llegar a Bel\u00e9n.<\/p>\n\n\n\n<p>Estando todos los pastores<br>haciendo de centinela,<br>haciendo de centinela<br>adorando al rey del cielo<br>sobre su cuna m\u00e1s bella,<br>sobre su cuna m\u00e1s bella.<\/p>\n\n\n\n<p>Una pareja de \u00c1ngeles<br>llegaron a toda prisa,<br>llegaron a toda prisa<br>a ver el ni\u00f1o divino<br>para darle los buenos d\u00edas,<br>para darle los buenos d\u00edas.<\/p>\n\n\n\n<p>Con su ni\u00f1o en las rodillas<br>Jos\u00e9 le estaba cantando,<br>Jos\u00e9 le estaba cantando.<br>Mientras Mar\u00eda lavaba<br>en un arroyo cercano,<br>en un arroyo cercano.<\/p>\n","protected":false},"excerpt":{"rendered":"<p>CANTABA JOS\u00c9, MAR\u00cdA LAVABATENDIENDO LOS TRAPOS, PAQUE SE SECARAN,PAQUE SE SECARAN, PAQUE SE SECARAN.EL NI\u00d1O DORM\u00cdA. JOS\u00c9 LE CANTABA. Descansando al lado de un pozoa la sombra de un cipr\u00e9s,a [&hellip;]<\/p>\n","protected":false},"author":1,"featured_media":0,"parent":0,"menu_order":0,"comment_status":"closed","ping_status":"closed","template":"","meta":{"footnotes":""},"class_list":["post-3812","page","type-page","status-publish","hentry"],"_links":{"self":[{"href":"https:\/\/smporres.archimadrid.es\/index.php?rest_route=\/wp\/v2\/pages\/3812","targetHints":{"allow":["GET"]}}],"collection":[{"href":"https:\/\/smporres.archimadrid.es\/index.php?rest_route=\/wp\/v2\/pages"}],"about":[{"href":"https:\/\/smporres.archimadrid.es\/index.php?rest_route=\/wp\/v2\/types\/page"}],"author":[{"embeddable":true,"href":"https:\/\/smporres.archimadrid.es\/index.php?rest_route=\/wp\/v2\/users\/1"}],"replies":[{"embeddable":true,"href":"https:\/\/smporres.archimadrid.es\/index.php?rest_route=%2Fwp%2Fv2%2Fcomments&post=3812"}],"version-history":[{"count":1,"href":"https:\/\/smporres.archimadrid.es\/index.php?rest_route=\/wp\/v2\/pages\/3812\/revisions"}],"predecessor-version":[{"id":3813,"href":"https:\/\/smporres.archimadrid.es\/index.php?rest_route=\/wp\/v2\/pages\/3812\/revisions\/3813"}],"wp:attachment":[{"href":"https:\/\/smporres.archimadrid.es\/index.php?rest_route=%2Fwp%2Fv2%2Fmedia&parent=3812"}],"curies":[{"name":"wp","href":"https:\/\/api.w.org\/{rel}","templated":true}]}}