{"id":3810,"date":"2020-06-10T16:22:30","date_gmt":"2020-06-10T14:22:30","guid":{"rendered":"https:\/\/smporres.archimadrid.es\/?page_id=3810"},"modified":"2020-06-10T16:22:30","modified_gmt":"2020-06-10T14:22:30","slug":"162-campanilleros","status":"publish","type":"page","link":"https:\/\/smporres.archimadrid.es\/?page_id=3810","title":{"rendered":"162. CAMPANILLEROS"},"content":{"rendered":"\n<p>En los pueblos de mi Andaluc\u00eda<br>los campanilleros por la \u00abmadrug\u00e1\u00bb<br>me despiertan con sus campanillas<br>y con sus guitarras me hacen llorar.<br>Yo empiezo a cantar, \u2026<br>y al o\u00edrme to los pajarillos<br>que est\u00e1n en las ramas se echan a volar.<\/p>\n\n\n\n<p>Pajarillos que vais por el campo,<br>seguid a la estrella, volad a Bel\u00e9n,<br>que os espera un ni\u00f1o chiquito<br>que el Rey de los Cielos y la Tierra es.<br>Volad a Bel\u00e9n, \u2026<br>que os espera un ni\u00f1o chiquito,<br>que el Rey de los Cielos y la Tierra es.<\/p>\n\n\n\n<p>En la noche de la Nochebuena,<br>bajo las estrellas y por la \u00abmadrug\u00e1\u00bb<br>los pastores, con sus campanillas,<br>adoran al Ni\u00f1o que ha nacido ya.<br>Y con devoci\u00f3n, \u2026<br>van tocando zambombas, panderos,<br>cantando las coplas al Ni\u00f1o de Dios.<\/p>\n\n\n\n<p>A la puerta de un rico avariento<br>lleg\u00f3 Jesucristo y limosna pidi\u00f3,<br>y en lugar de darle una limosna<br>los perros que hab\u00eda se los azuz\u00f3.<br>Pero quiso Dios, \u2026<br>que al momento los perros murieran<br>y el rico avariento pobre se qued\u00f3.<\/p>\n\n\n\n<p>Si supieras la entrada que tuvo<br>el Rey de los cielos en Jerusal\u00e9n<br>no quiso ni coches ni calesas,<br>sino un jumentito que \u00abalquilao\u00bb fue.<br>Quiso demostrar, \u2026<br>que las puertas divinas del cielo<br>tan solo las abre la Santa humildad.<\/p>\n","protected":false},"excerpt":{"rendered":"<p>En los pueblos de mi Andaluc\u00edalos campanilleros por la \u00abmadrug\u00e1\u00bbme despiertan con sus campanillasy con sus guitarras me hacen llorar.Yo empiezo a cantar, \u2026y al o\u00edrme to los pajarillosque est\u00e1n [&hellip;]<\/p>\n","protected":false},"author":1,"featured_media":0,"parent":0,"menu_order":0,"comment_status":"closed","ping_status":"closed","template":"","meta":{"footnotes":""},"class_list":["post-3810","page","type-page","status-publish","hentry"],"_links":{"self":[{"href":"https:\/\/smporres.archimadrid.es\/index.php?rest_route=\/wp\/v2\/pages\/3810","targetHints":{"allow":["GET"]}}],"collection":[{"href":"https:\/\/smporres.archimadrid.es\/index.php?rest_route=\/wp\/v2\/pages"}],"about":[{"href":"https:\/\/smporres.archimadrid.es\/index.php?rest_route=\/wp\/v2\/types\/page"}],"author":[{"embeddable":true,"href":"https:\/\/smporres.archimadrid.es\/index.php?rest_route=\/wp\/v2\/users\/1"}],"replies":[{"embeddable":true,"href":"https:\/\/smporres.archimadrid.es\/index.php?rest_route=%2Fwp%2Fv2%2Fcomments&post=3810"}],"version-history":[{"count":1,"href":"https:\/\/smporres.archimadrid.es\/index.php?rest_route=\/wp\/v2\/pages\/3810\/revisions"}],"predecessor-version":[{"id":3811,"href":"https:\/\/smporres.archimadrid.es\/index.php?rest_route=\/wp\/v2\/pages\/3810\/revisions\/3811"}],"wp:attachment":[{"href":"https:\/\/smporres.archimadrid.es\/index.php?rest_route=%2Fwp%2Fv2%2Fmedia&parent=3810"}],"curies":[{"name":"wp","href":"https:\/\/api.w.org\/{rel}","templated":true}]}}