{"id":3808,"date":"2020-06-10T16:21:24","date_gmt":"2020-06-10T14:21:24","guid":{"rendered":"https:\/\/smporres.archimadrid.es\/?page_id=3808"},"modified":"2020-06-10T16:21:24","modified_gmt":"2020-06-10T14:21:24","slug":"161-campana-sobre-campana","status":"publish","type":"page","link":"https:\/\/smporres.archimadrid.es\/?page_id=3808","title":{"rendered":"161. CAMPANA SOBRE CAMPANA"},"content":{"rendered":"\n<p>Campana sobre campana<br>y sobre campana una;<br>as\u00f3mate a la ventana,<br>ver\u00e1s al Ni\u00f1o en la cuna.<\/p>\n\n\n\n<p>BEL\u00c9N, CAMPANAS DE BEL\u00c9N,<br>QUE LOS \u00c1NGELES TOCAN,<br>\u00bfQU\u00c9 NUEVA ME TRA\u00c9IS?<\/p>\n\n\n\n<p>Recogido tu reba\u00f1o,<br>\u00bfa d\u00f3nde vas, pastorcito?<br>\u00abVoy a llevar al Portal<br>reques\u00f3n, manteca y vino\u00bb<\/p>\n\n\n\n<p>Campana sobre campana<br>y sobre campana dos;<br>as\u00f3mate a la ventana,<br>ver\u00e1s al Ni\u00f1o de Dios.<\/p>\n\n\n\n<p>Caminando a media noche,<br>\u00bfd\u00f3nde caminas pastor?<br>Le llevo al ni\u00f1o que nace<br>como a Dios mi coraz\u00f3n.<\/p>\n\n\n\n<p>Campana sobre campana<br>y sobre campana tres;<br>en una cruz a esta hora<br>el Ni\u00f1o va padecer.<\/p>\n","protected":false},"excerpt":{"rendered":"<p>Campana sobre campanay sobre campana una;as\u00f3mate a la ventana,ver\u00e1s al Ni\u00f1o en la cuna. BEL\u00c9N, CAMPANAS DE BEL\u00c9N,QUE LOS \u00c1NGELES TOCAN,\u00bfQU\u00c9 NUEVA ME TRA\u00c9IS? Recogido tu reba\u00f1o,\u00bfa d\u00f3nde vas, pastorcito?\u00abVoy [&hellip;]<\/p>\n","protected":false},"author":1,"featured_media":0,"parent":0,"menu_order":0,"comment_status":"closed","ping_status":"closed","template":"","meta":{"footnotes":""},"class_list":["post-3808","page","type-page","status-publish","hentry"],"_links":{"self":[{"href":"https:\/\/smporres.archimadrid.es\/index.php?rest_route=\/wp\/v2\/pages\/3808","targetHints":{"allow":["GET"]}}],"collection":[{"href":"https:\/\/smporres.archimadrid.es\/index.php?rest_route=\/wp\/v2\/pages"}],"about":[{"href":"https:\/\/smporres.archimadrid.es\/index.php?rest_route=\/wp\/v2\/types\/page"}],"author":[{"embeddable":true,"href":"https:\/\/smporres.archimadrid.es\/index.php?rest_route=\/wp\/v2\/users\/1"}],"replies":[{"embeddable":true,"href":"https:\/\/smporres.archimadrid.es\/index.php?rest_route=%2Fwp%2Fv2%2Fcomments&post=3808"}],"version-history":[{"count":1,"href":"https:\/\/smporres.archimadrid.es\/index.php?rest_route=\/wp\/v2\/pages\/3808\/revisions"}],"predecessor-version":[{"id":3809,"href":"https:\/\/smporres.archimadrid.es\/index.php?rest_route=\/wp\/v2\/pages\/3808\/revisions\/3809"}],"wp:attachment":[{"href":"https:\/\/smporres.archimadrid.es\/index.php?rest_route=%2Fwp%2Fv2%2Fmedia&parent=3808"}],"curies":[{"name":"wp","href":"https:\/\/api.w.org\/{rel}","templated":true}]}}