{"id":3806,"date":"2020-06-10T16:20:33","date_gmt":"2020-06-10T14:20:33","guid":{"rendered":"https:\/\/smporres.archimadrid.es\/?page_id=3806"},"modified":"2020-06-10T16:20:33","modified_gmt":"2020-06-10T14:20:33","slug":"160-burrito-sabanero","status":"publish","type":"page","link":"https:\/\/smporres.archimadrid.es\/?page_id=3806","title":{"rendered":"160. BURRITO SABANERO"},"content":{"rendered":"\n<p>Con mi burrito sabanero voy camino de bel\u00e9n (bis).<br>Si me ven, si me ven, voy camino de Bel\u00e9n (bis).<\/p>\n\n\n\n<p>TUQUI TUQUI TUQUI TUQUI<br>TUQUI TUQUI TUQUI TA<br>AP\u00daRATE MI BURRITO QUE YA VAMOS A LLEGAR<br>TUQUI TUQUI TUQUI TUQUI<br>TUQUI TUQUI TUQUI TU<br>AP\u00daRATE MI BURRITO VAMOS A VER A JES\u00daS<\/p>\n\n\n\n<p>El lucerito ma\u00f1anero ilumina mi sendero (bis).<br>Si me ven, si me ven, voy camino de Bel\u00e9n (bis).<\/p>\n\n\n\n<p>Con mi burrito voy cantando, mi cuatrico va sonando (bis).<br>Si me ven si me ven, voy camino de Bel\u00e9n (bis).<\/p>\n","protected":false},"excerpt":{"rendered":"<p>Con mi burrito sabanero voy camino de bel\u00e9n (bis).Si me ven, si me ven, voy camino de Bel\u00e9n (bis). TUQUI TUQUI TUQUI TUQUITUQUI TUQUI TUQUI TAAP\u00daRATE MI BURRITO QUE YA [&hellip;]<\/p>\n","protected":false},"author":1,"featured_media":0,"parent":0,"menu_order":0,"comment_status":"closed","ping_status":"closed","template":"","meta":{"footnotes":""},"class_list":["post-3806","page","type-page","status-publish","hentry"],"_links":{"self":[{"href":"https:\/\/smporres.archimadrid.es\/index.php?rest_route=\/wp\/v2\/pages\/3806","targetHints":{"allow":["GET"]}}],"collection":[{"href":"https:\/\/smporres.archimadrid.es\/index.php?rest_route=\/wp\/v2\/pages"}],"about":[{"href":"https:\/\/smporres.archimadrid.es\/index.php?rest_route=\/wp\/v2\/types\/page"}],"author":[{"embeddable":true,"href":"https:\/\/smporres.archimadrid.es\/index.php?rest_route=\/wp\/v2\/users\/1"}],"replies":[{"embeddable":true,"href":"https:\/\/smporres.archimadrid.es\/index.php?rest_route=%2Fwp%2Fv2%2Fcomments&post=3806"}],"version-history":[{"count":1,"href":"https:\/\/smporres.archimadrid.es\/index.php?rest_route=\/wp\/v2\/pages\/3806\/revisions"}],"predecessor-version":[{"id":3807,"href":"https:\/\/smporres.archimadrid.es\/index.php?rest_route=\/wp\/v2\/pages\/3806\/revisions\/3807"}],"wp:attachment":[{"href":"https:\/\/smporres.archimadrid.es\/index.php?rest_route=%2Fwp%2Fv2%2Fmedia&parent=3806"}],"curies":[{"name":"wp","href":"https:\/\/api.w.org\/{rel}","templated":true}]}}