{"id":3804,"date":"2020-06-10T16:19:31","date_gmt":"2020-06-10T14:19:31","guid":{"rendered":"https:\/\/smporres.archimadrid.es\/?page_id=3804"},"modified":"2020-06-10T16:19:31","modified_gmt":"2020-06-10T14:19:31","slug":"159-ay-del-chiquirritin","status":"publish","type":"page","link":"https:\/\/smporres.archimadrid.es\/?page_id=3804","title":{"rendered":"159. AY DEL CHIQUIRRIT\u00cdN"},"content":{"rendered":"\n<p>\u00a1AY DEL CHIQUIRRIT\u00cdN, CHIQUIRRIQUITIN,<br>QUE HA NACIDO ENTRE PAJAS!<br>\u00a1AY DEL CHIQUIRRIT\u00cdN, CHIQUIRRIQUITIN,<br>QUERID\u00cdN, QUERIDITO DEL ALMA!<\/p>\n\n\n\n<p>Por debajo del arco del portalito<br>se descubre a Mar\u00eda, Jos\u00e9 y el Ni\u00f1o.<\/p>\n\n\n\n<p>Entre el buey y la mula Dios ha nacido<br>y en un pobre Pesebre lo han recogido.<\/p>\n","protected":false},"excerpt":{"rendered":"<p>\u00a1AY DEL CHIQUIRRIT\u00cdN, CHIQUIRRIQUITIN,QUE HA NACIDO ENTRE PAJAS!\u00a1AY DEL CHIQUIRRIT\u00cdN, CHIQUIRRIQUITIN,QUERID\u00cdN, QUERIDITO DEL ALMA! Por debajo del arco del portalitose descubre a Mar\u00eda, Jos\u00e9 y el Ni\u00f1o. Entre el buey [&hellip;]<\/p>\n","protected":false},"author":1,"featured_media":0,"parent":0,"menu_order":0,"comment_status":"closed","ping_status":"closed","template":"","meta":{"footnotes":""},"class_list":["post-3804","page","type-page","status-publish","hentry"],"_links":{"self":[{"href":"https:\/\/smporres.archimadrid.es\/index.php?rest_route=\/wp\/v2\/pages\/3804","targetHints":{"allow":["GET"]}}],"collection":[{"href":"https:\/\/smporres.archimadrid.es\/index.php?rest_route=\/wp\/v2\/pages"}],"about":[{"href":"https:\/\/smporres.archimadrid.es\/index.php?rest_route=\/wp\/v2\/types\/page"}],"author":[{"embeddable":true,"href":"https:\/\/smporres.archimadrid.es\/index.php?rest_route=\/wp\/v2\/users\/1"}],"replies":[{"embeddable":true,"href":"https:\/\/smporres.archimadrid.es\/index.php?rest_route=%2Fwp%2Fv2%2Fcomments&post=3804"}],"version-history":[{"count":1,"href":"https:\/\/smporres.archimadrid.es\/index.php?rest_route=\/wp\/v2\/pages\/3804\/revisions"}],"predecessor-version":[{"id":3805,"href":"https:\/\/smporres.archimadrid.es\/index.php?rest_route=\/wp\/v2\/pages\/3804\/revisions\/3805"}],"wp:attachment":[{"href":"https:\/\/smporres.archimadrid.es\/index.php?rest_route=%2Fwp%2Fv2%2Fmedia&parent=3804"}],"curies":[{"name":"wp","href":"https:\/\/api.w.org\/{rel}","templated":true}]}}