{"id":3802,"date":"2020-06-10T16:18:34","date_gmt":"2020-06-10T14:18:34","guid":{"rendered":"https:\/\/smporres.archimadrid.es\/?page_id=3802"},"modified":"2020-06-10T16:18:34","modified_gmt":"2020-06-10T14:18:34","slug":"158-arre-borriquito","status":"publish","type":"page","link":"https:\/\/smporres.archimadrid.es\/?page_id=3802","title":{"rendered":"158. ARRE BORRIQUITO"},"content":{"rendered":"\n<p>Tengo puesto un nacimiento<br>en un rinc\u00f3n de mi casa,<br>con pastores y pastoras<br>y un palacio en la monta\u00f1a,<br>All\u00ed vive el rey Herodes<br>All\u00ed vive y sus soldados<br>todos est\u00e1n esperando<br>que lleguen los reyes magos.<\/p>\n\n\n\n<p>ARRE BORRIQUITO<br>ARRE BURRO ARRE<br>ANDA M\u00c1S DE PRISA<br>QUE LLEGAMOS TARDE<br>ARRE BORRIQUITO<br>VAMOS A BEL\u00c9N<br>QUE MA\u00d1ANA ES FIESTA<br>Y AL OTRO TAMBI\u00c9N.<\/p>\n\n\n\n<p>En el cielo hay una estrella<br>que a los reyes magos gu\u00eda<br>hacia Bel\u00e9n para ver<br>a Dios hijo de Mar\u00eda,<br>cuando pasan los monarcas<br>sale la gente al camino<br>y alegres se van con ellos<br>para ver al tierno ni\u00f1o.<\/p>\n\n\n\n<p>Hacia el portal de Bel\u00e9n<br>se dirige un pastorcito<br>cantando de esta manera<br>para alegrar el camino,<br>ha nacido el ni\u00f1o dios<br>en un portal miserable<br>para ense\u00f1ar a los hombres<br>la humildad de su linaje.<\/p>\n","protected":false},"excerpt":{"rendered":"<p>Tengo puesto un nacimientoen un rinc\u00f3n de mi casa,con pastores y pastorasy un palacio en la monta\u00f1a,All\u00ed vive el rey HerodesAll\u00ed vive y sus soldadostodos est\u00e1n esperandoque lleguen los reyes [&hellip;]<\/p>\n","protected":false},"author":1,"featured_media":0,"parent":0,"menu_order":0,"comment_status":"closed","ping_status":"closed","template":"","meta":{"footnotes":""},"class_list":["post-3802","page","type-page","status-publish","hentry"],"_links":{"self":[{"href":"https:\/\/smporres.archimadrid.es\/index.php?rest_route=\/wp\/v2\/pages\/3802","targetHints":{"allow":["GET"]}}],"collection":[{"href":"https:\/\/smporres.archimadrid.es\/index.php?rest_route=\/wp\/v2\/pages"}],"about":[{"href":"https:\/\/smporres.archimadrid.es\/index.php?rest_route=\/wp\/v2\/types\/page"}],"author":[{"embeddable":true,"href":"https:\/\/smporres.archimadrid.es\/index.php?rest_route=\/wp\/v2\/users\/1"}],"replies":[{"embeddable":true,"href":"https:\/\/smporres.archimadrid.es\/index.php?rest_route=%2Fwp%2Fv2%2Fcomments&post=3802"}],"version-history":[{"count":1,"href":"https:\/\/smporres.archimadrid.es\/index.php?rest_route=\/wp\/v2\/pages\/3802\/revisions"}],"predecessor-version":[{"id":3803,"href":"https:\/\/smporres.archimadrid.es\/index.php?rest_route=\/wp\/v2\/pages\/3802\/revisions\/3803"}],"wp:attachment":[{"href":"https:\/\/smporres.archimadrid.es\/index.php?rest_route=%2Fwp%2Fv2%2Fmedia&parent=3802"}],"curies":[{"name":"wp","href":"https:\/\/api.w.org\/{rel}","templated":true}]}}