{"id":3798,"date":"2020-06-10T16:16:09","date_gmt":"2020-06-10T14:16:09","guid":{"rendered":"https:\/\/smporres.archimadrid.es\/?page_id=3798"},"modified":"2020-06-10T16:16:09","modified_gmt":"2020-06-10T14:16:09","slug":"156-alegria-alegria-alegria","status":"publish","type":"page","link":"https:\/\/smporres.archimadrid.es\/?page_id=3798","title":{"rendered":"156. ALEGR\u00cdA, ALEGR\u00cdA, ALEGR\u00cdA"},"content":{"rendered":"\n<p>Sopa le dieron al Ni\u00f1o,<br>no se la quiso comer,<br>y como estaba tan dulce,<br>se la comi\u00f3 San Jos\u00e9.<\/p>\n\n\n\n<p>Vamos al Portal,<br>con su resplandor,<br>que salga la luna bella,<br>y el hermoso sol,<br>el que nos alumbrar\u00e1,<br>con su resplandor.<\/p>\n\n\n\n<p>ALEGR\u00cdA, ALEGR\u00cdA, ALEGR\u00cdA,<br>ALEGR\u00cdA, ALEGR\u00cdA Y PLACER,<br>ESTA NOCHE NACE EL NI\u00d1O,<br>EN EL PORTAL DE BEL\u00c9N.<\/p>\n\n\n\n<p>ALEGR\u00cdA, ALEGR\u00cdA, ALEGR\u00cdA,<br>ALEGR\u00cdA, ALEGR\u00cdA Y PLACER,<br>ESTA NOCHE NACE EL NI\u00d1O,<br>EN EL PORTAL DE BEL\u00c9N.<\/p>\n\n\n\n<p>Sopa le dieron al Ni\u00f1o,<br>no se la quiso comer,<br>y como estaba tan dulce,<br>se la comi\u00f3 San Jos\u00e9.<\/p>\n\n\n\n<p>Vamos al Portal,<br>con su resplandor,<br>que salga la luna bella,<br>y el hermoso sol,<br>el que nos alumbrar\u00e1,<br>con su resplandor.<\/p>\n","protected":false},"excerpt":{"rendered":"<p>Sopa le dieron al Ni\u00f1o,no se la quiso comer,y como estaba tan dulce,se la comi\u00f3 San Jos\u00e9. Vamos al Portal,con su resplandor,que salga la luna bella,y el hermoso sol,el que [&hellip;]<\/p>\n","protected":false},"author":1,"featured_media":0,"parent":0,"menu_order":0,"comment_status":"closed","ping_status":"closed","template":"","meta":{"footnotes":""},"class_list":["post-3798","page","type-page","status-publish","hentry"],"_links":{"self":[{"href":"https:\/\/smporres.archimadrid.es\/index.php?rest_route=\/wp\/v2\/pages\/3798","targetHints":{"allow":["GET"]}}],"collection":[{"href":"https:\/\/smporres.archimadrid.es\/index.php?rest_route=\/wp\/v2\/pages"}],"about":[{"href":"https:\/\/smporres.archimadrid.es\/index.php?rest_route=\/wp\/v2\/types\/page"}],"author":[{"embeddable":true,"href":"https:\/\/smporres.archimadrid.es\/index.php?rest_route=\/wp\/v2\/users\/1"}],"replies":[{"embeddable":true,"href":"https:\/\/smporres.archimadrid.es\/index.php?rest_route=%2Fwp%2Fv2%2Fcomments&post=3798"}],"version-history":[{"count":1,"href":"https:\/\/smporres.archimadrid.es\/index.php?rest_route=\/wp\/v2\/pages\/3798\/revisions"}],"predecessor-version":[{"id":3799,"href":"https:\/\/smporres.archimadrid.es\/index.php?rest_route=\/wp\/v2\/pages\/3798\/revisions\/3799"}],"wp:attachment":[{"href":"https:\/\/smporres.archimadrid.es\/index.php?rest_route=%2Fwp%2Fv2%2Fmedia&parent=3798"}],"curies":[{"name":"wp","href":"https:\/\/api.w.org\/{rel}","templated":true}]}}