{"id":3792,"date":"2020-06-10T16:11:10","date_gmt":"2020-06-10T14:11:10","guid":{"rendered":"https:\/\/smporres.archimadrid.es\/?page_id=3792"},"modified":"2020-06-10T16:11:10","modified_gmt":"2020-06-10T14:11:10","slug":"153-25-de-diciembre","status":"publish","type":"page","link":"https:\/\/smporres.archimadrid.es\/?page_id=3792","title":{"rendered":"153. 25 DE DICIEMBRE"},"content":{"rendered":"\n<p>Veinticinco de diciembre,<br>fun, fun, fun.<br>Veinticinco de diciembre,<br>fun, fun, fun.<\/p>\n\n\n\n<p>Como un sol naci\u00f3 Jes\u00fas,<br>radiando luz, radiando luz.<br>De Mar\u00eda era hijo;<br>un establo fu\u00e9 su cuna,<br>fun, fun, fun.<\/p>\n\n\n\n<p>Veinticinco de diciembre,<br>fun, fun, fun.<br>Veinticinco de diciembre,<br>fun, fun, fun.<\/p>\n\n\n\n<p>Como un sol naci\u00f3 Jes\u00fas,<br>radiando luz, radiando luz.<br>De Mar\u00eda era hijo;<br>un establo fue su cuna,<br>fun, fun, fun.<\/p>\n","protected":false},"excerpt":{"rendered":"<p>Veinticinco de diciembre,fun, fun, fun.Veinticinco de diciembre,fun, fun, fun. Como un sol naci\u00f3 Jes\u00fas,radiando luz, radiando luz.De Mar\u00eda era hijo;un establo fu\u00e9 su cuna,fun, fun, fun. Veinticinco de diciembre,fun, fun, [&hellip;]<\/p>\n","protected":false},"author":1,"featured_media":0,"parent":0,"menu_order":0,"comment_status":"closed","ping_status":"closed","template":"","meta":{"footnotes":""},"class_list":["post-3792","page","type-page","status-publish","hentry"],"_links":{"self":[{"href":"https:\/\/smporres.archimadrid.es\/index.php?rest_route=\/wp\/v2\/pages\/3792","targetHints":{"allow":["GET"]}}],"collection":[{"href":"https:\/\/smporres.archimadrid.es\/index.php?rest_route=\/wp\/v2\/pages"}],"about":[{"href":"https:\/\/smporres.archimadrid.es\/index.php?rest_route=\/wp\/v2\/types\/page"}],"author":[{"embeddable":true,"href":"https:\/\/smporres.archimadrid.es\/index.php?rest_route=\/wp\/v2\/users\/1"}],"replies":[{"embeddable":true,"href":"https:\/\/smporres.archimadrid.es\/index.php?rest_route=%2Fwp%2Fv2%2Fcomments&post=3792"}],"version-history":[{"count":1,"href":"https:\/\/smporres.archimadrid.es\/index.php?rest_route=\/wp\/v2\/pages\/3792\/revisions"}],"predecessor-version":[{"id":3793,"href":"https:\/\/smporres.archimadrid.es\/index.php?rest_route=\/wp\/v2\/pages\/3792\/revisions\/3793"}],"wp:attachment":[{"href":"https:\/\/smporres.archimadrid.es\/index.php?rest_route=%2Fwp%2Fv2%2Fmedia&parent=3792"}],"curies":[{"name":"wp","href":"https:\/\/api.w.org\/{rel}","templated":true}]}}