{"id":3790,"date":"2020-06-10T16:03:34","date_gmt":"2020-06-10T14:03:34","guid":{"rendered":"https:\/\/smporres.archimadrid.es\/?page_id=3790"},"modified":"2020-06-10T16:03:34","modified_gmt":"2020-06-10T14:03:34","slug":"152-yo-tengo-un-gozo-en-el-alma","status":"publish","type":"page","link":"https:\/\/smporres.archimadrid.es\/?page_id=3790","title":{"rendered":"152. YO TENGO UN GOZO EN EL ALMA"},"content":{"rendered":"\n<p>Yo tengo un gozo en el alma, grande,<br>gozo en el alma, grande,<br>gozo en el alma y en mi ser. \u00a1Aleluya, gloria a Dios!<br>Es como un r\u00edo de agua viva, r\u00edo de agua viva,<br>r\u00edo de agua viva en mi ser.<\/p>\n\n\n\n<p>Alza las manos y alaba a tu Se\u00f1or,<br>alza las manos y alaba a tu Se\u00f1or.<br>Da gloria a Dios, gloria a Dios, gloria a \u00c9l.<br>Alza las manos y alaba a tu Se\u00f1or.<\/p>\n\n\n\n<p>Si\u00e9ntete amado y alaba a tu Se\u00f1or\u2026<\/p>\n\n\n\n<p>No te averg\u00fcences y alaba a tu Se\u00f1or\u2026<\/p>\n\n\n\n<p>Ama a tu hermano y alaba a tu Se\u00f1or.<\/p>\n","protected":false},"excerpt":{"rendered":"<p>Yo tengo un gozo en el alma, grande,gozo en el alma, grande,gozo en el alma y en mi ser. \u00a1Aleluya, gloria a Dios!Es como un r\u00edo de agua viva, r\u00edo [&hellip;]<\/p>\n","protected":false},"author":1,"featured_media":0,"parent":0,"menu_order":0,"comment_status":"closed","ping_status":"closed","template":"","meta":{"footnotes":""},"class_list":["post-3790","page","type-page","status-publish","hentry"],"_links":{"self":[{"href":"https:\/\/smporres.archimadrid.es\/index.php?rest_route=\/wp\/v2\/pages\/3790","targetHints":{"allow":["GET"]}}],"collection":[{"href":"https:\/\/smporres.archimadrid.es\/index.php?rest_route=\/wp\/v2\/pages"}],"about":[{"href":"https:\/\/smporres.archimadrid.es\/index.php?rest_route=\/wp\/v2\/types\/page"}],"author":[{"embeddable":true,"href":"https:\/\/smporres.archimadrid.es\/index.php?rest_route=\/wp\/v2\/users\/1"}],"replies":[{"embeddable":true,"href":"https:\/\/smporres.archimadrid.es\/index.php?rest_route=%2Fwp%2Fv2%2Fcomments&post=3790"}],"version-history":[{"count":1,"href":"https:\/\/smporres.archimadrid.es\/index.php?rest_route=\/wp\/v2\/pages\/3790\/revisions"}],"predecessor-version":[{"id":3791,"href":"https:\/\/smporres.archimadrid.es\/index.php?rest_route=\/wp\/v2\/pages\/3790\/revisions\/3791"}],"wp:attachment":[{"href":"https:\/\/smporres.archimadrid.es\/index.php?rest_route=%2Fwp%2Fv2%2Fmedia&parent=3790"}],"curies":[{"name":"wp","href":"https:\/\/api.w.org\/{rel}","templated":true}]}}