{"id":3781,"date":"2020-06-10T15:59:18","date_gmt":"2020-06-10T13:59:18","guid":{"rendered":"https:\/\/smporres.archimadrid.es\/?page_id=3781"},"modified":"2020-06-10T15:59:18","modified_gmt":"2020-06-10T13:59:18","slug":"148-venimos-hoy-a-tu-altar","status":"publish","type":"page","link":"https:\/\/smporres.archimadrid.es\/?page_id=3781","title":{"rendered":"148. VENIMOS HOY A TU ALTAR"},"content":{"rendered":"\n<p>VENIMOS HOY A TU ALTAR<br>A CANTARTE, SE\u00d1OR,<br>PUES T\u00da ERES LA ALEGR\u00cdA<br>DE NUESTRO CORAZ\u00d3N.<\/p>\n\n\n\n<p>T\u00fa hiciste los cielos,<br>los llenas de estrellas<br>de luz y calor.<br>T\u00fa pintaste la aurora,<br>hiciste las nubes,<br>las puestas del sol.<\/p>\n\n\n\n<p>T\u00fa creaste la risa,<br>la paz y la dicha,<br>la felicidad.<br>T\u00fa al darnos la vida,<br>nos das tus riquezas,<br>tu eterna amistad.<\/p>\n\n\n\n<p>T\u00fa nos diste a tu Madre,<br>nos diste tu Cuerpo,<br>tu Sangre en manjar.<br>T\u00fa nos diste esperanza,<br>la fe y nos hiciste<br>capaces de amar.<\/p>\n","protected":false},"excerpt":{"rendered":"<p>VENIMOS HOY A TU ALTARA CANTARTE, SE\u00d1OR,PUES T\u00da ERES LA ALEGR\u00cdADE NUESTRO CORAZ\u00d3N. T\u00fa hiciste los cielos,los llenas de estrellasde luz y calor.T\u00fa pintaste la aurora,hiciste las nubes,las puestas del [&hellip;]<\/p>\n","protected":false},"author":1,"featured_media":0,"parent":0,"menu_order":0,"comment_status":"closed","ping_status":"closed","template":"","meta":{"footnotes":""},"class_list":["post-3781","page","type-page","status-publish","hentry"],"_links":{"self":[{"href":"https:\/\/smporres.archimadrid.es\/index.php?rest_route=\/wp\/v2\/pages\/3781","targetHints":{"allow":["GET"]}}],"collection":[{"href":"https:\/\/smporres.archimadrid.es\/index.php?rest_route=\/wp\/v2\/pages"}],"about":[{"href":"https:\/\/smporres.archimadrid.es\/index.php?rest_route=\/wp\/v2\/types\/page"}],"author":[{"embeddable":true,"href":"https:\/\/smporres.archimadrid.es\/index.php?rest_route=\/wp\/v2\/users\/1"}],"replies":[{"embeddable":true,"href":"https:\/\/smporres.archimadrid.es\/index.php?rest_route=%2Fwp%2Fv2%2Fcomments&post=3781"}],"version-history":[{"count":1,"href":"https:\/\/smporres.archimadrid.es\/index.php?rest_route=\/wp\/v2\/pages\/3781\/revisions"}],"predecessor-version":[{"id":3782,"href":"https:\/\/smporres.archimadrid.es\/index.php?rest_route=\/wp\/v2\/pages\/3781\/revisions\/3782"}],"wp:attachment":[{"href":"https:\/\/smporres.archimadrid.es\/index.php?rest_route=%2Fwp%2Fv2%2Fmedia&parent=3781"}],"curies":[{"name":"wp","href":"https:\/\/api.w.org\/{rel}","templated":true}]}}