{"id":3779,"date":"2020-06-10T15:58:25","date_gmt":"2020-06-10T13:58:25","guid":{"rendered":"https:\/\/smporres.archimadrid.es\/?page_id=3779"},"modified":"2020-06-10T15:58:25","modified_gmt":"2020-06-10T13:58:25","slug":"147-veni-creator-spiritus-espanol","status":"publish","type":"page","link":"https:\/\/smporres.archimadrid.es\/?page_id=3779","title":{"rendered":"147. VENI CREATOR SPIRITUS (ESPA\u00d1OL)"},"content":{"rendered":"\n<p>VEN ESP\u00cdRITU CREADOR,<br>VISITA NUESTRA MENTE,<br>LLENA DE TU AMOR<br>EL CORAZ\u00d3N QUE HAS CREADO.<\/p>\n\n\n\n<p>Oh dulce consolador,<br>don del Padre alt\u00edsimo,<br>agua viva, fuego, amor,<br>santo Crisma del alma.<\/p>\n\n\n\n<p>Dedo de la mano de Dios,<br>promesa del Salvador,<br>derrama tus siete dones<br>suscita en nosotros la Palabra.<\/p>\n\n\n\n<p>S\u00e9 luz del intelecto,<br>llama ardiente en el coraz\u00f3n,<br>sana nuestras heridas<br>con el b\u00e1lsamo de tu amor.<br>Defi\u00e9ndenos del enemigo,<br>danos el don de la paz,<br>tu gu\u00eda invencible,<br>nos preserve del mal.<\/p>\n\n\n\n<p>Oh Luz de eterna sabidur\u00eda<br>desv\u00e9lanos el gran misterio<br>de Dios Padre y del Hijo<br>unidos en un solo amor. Am\u00e9n.<\/p>\n","protected":false},"excerpt":{"rendered":"<p>VEN ESP\u00cdRITU CREADOR,VISITA NUESTRA MENTE,LLENA DE TU AMOREL CORAZ\u00d3N QUE HAS CREADO. Oh dulce consolador,don del Padre alt\u00edsimo,agua viva, fuego, amor,santo Crisma del alma. Dedo de la mano de Dios,promesa [&hellip;]<\/p>\n","protected":false},"author":1,"featured_media":0,"parent":0,"menu_order":0,"comment_status":"closed","ping_status":"closed","template":"","meta":{"footnotes":""},"class_list":["post-3779","page","type-page","status-publish","hentry"],"_links":{"self":[{"href":"https:\/\/smporres.archimadrid.es\/index.php?rest_route=\/wp\/v2\/pages\/3779","targetHints":{"allow":["GET"]}}],"collection":[{"href":"https:\/\/smporres.archimadrid.es\/index.php?rest_route=\/wp\/v2\/pages"}],"about":[{"href":"https:\/\/smporres.archimadrid.es\/index.php?rest_route=\/wp\/v2\/types\/page"}],"author":[{"embeddable":true,"href":"https:\/\/smporres.archimadrid.es\/index.php?rest_route=\/wp\/v2\/users\/1"}],"replies":[{"embeddable":true,"href":"https:\/\/smporres.archimadrid.es\/index.php?rest_route=%2Fwp%2Fv2%2Fcomments&post=3779"}],"version-history":[{"count":1,"href":"https:\/\/smporres.archimadrid.es\/index.php?rest_route=\/wp\/v2\/pages\/3779\/revisions"}],"predecessor-version":[{"id":3780,"href":"https:\/\/smporres.archimadrid.es\/index.php?rest_route=\/wp\/v2\/pages\/3779\/revisions\/3780"}],"wp:attachment":[{"href":"https:\/\/smporres.archimadrid.es\/index.php?rest_route=%2Fwp%2Fv2%2Fmedia&parent=3779"}],"curies":[{"name":"wp","href":"https:\/\/api.w.org\/{rel}","templated":true}]}}