{"id":3772,"date":"2020-06-10T15:55:42","date_gmt":"2020-06-10T13:55:42","guid":{"rendered":"https:\/\/smporres.archimadrid.es\/?page_id=3772"},"modified":"2020-06-10T15:55:42","modified_gmt":"2020-06-10T13:55:42","slug":"144-ven-ven-senor-no-tardes","status":"publish","type":"page","link":"https:\/\/smporres.archimadrid.es\/?page_id=3772","title":{"rendered":"144. VEN, VEN SE\u00d1OR NO TARDES"},"content":{"rendered":"\n<p>VEN, VEN SE\u00d1OR NO TARDES<br>VEN, VEN QUE TE ESPERAMOS,<br>VEN, VEN SE\u00d1OR NO TARDES,<br>VEN PRONTO SE\u00d1OR.<\/p>\n\n\n\n<p>El mundo muere de fr\u00edo,<br>el alma perdi\u00f3 el calor,<br>los hombres no son hermanos,<br>el mundo no tiene amor.<br>Envuelto en sombr\u00eda noche,<br>el mundo sin paz no ve,<br>buscando va una esperanza,<br>buscando Se\u00f1or, tu Fe.<\/p>\n\n\n\n<p>Al mundo le falta vida,<br>al mundo le falta luz,<br>al mundo le falta el cielo,<br>al mundo le faltas T\u00fa.<\/p>\n","protected":false},"excerpt":{"rendered":"<p>VEN, VEN SE\u00d1OR NO TARDESVEN, VEN QUE TE ESPERAMOS,VEN, VEN SE\u00d1OR NO TARDES,VEN PRONTO SE\u00d1OR. El mundo muere de fr\u00edo,el alma perdi\u00f3 el calor,los hombres no son hermanos,el mundo no [&hellip;]<\/p>\n","protected":false},"author":1,"featured_media":0,"parent":0,"menu_order":0,"comment_status":"closed","ping_status":"closed","template":"","meta":{"footnotes":""},"class_list":["post-3772","page","type-page","status-publish","hentry"],"_links":{"self":[{"href":"https:\/\/smporres.archimadrid.es\/index.php?rest_route=\/wp\/v2\/pages\/3772","targetHints":{"allow":["GET"]}}],"collection":[{"href":"https:\/\/smporres.archimadrid.es\/index.php?rest_route=\/wp\/v2\/pages"}],"about":[{"href":"https:\/\/smporres.archimadrid.es\/index.php?rest_route=\/wp\/v2\/types\/page"}],"author":[{"embeddable":true,"href":"https:\/\/smporres.archimadrid.es\/index.php?rest_route=\/wp\/v2\/users\/1"}],"replies":[{"embeddable":true,"href":"https:\/\/smporres.archimadrid.es\/index.php?rest_route=%2Fwp%2Fv2%2Fcomments&post=3772"}],"version-history":[{"count":1,"href":"https:\/\/smporres.archimadrid.es\/index.php?rest_route=\/wp\/v2\/pages\/3772\/revisions"}],"predecessor-version":[{"id":3774,"href":"https:\/\/smporres.archimadrid.es\/index.php?rest_route=\/wp\/v2\/pages\/3772\/revisions\/3774"}],"wp:attachment":[{"href":"https:\/\/smporres.archimadrid.es\/index.php?rest_route=%2Fwp%2Fv2%2Fmedia&parent=3772"}],"curies":[{"name":"wp","href":"https:\/\/api.w.org\/{rel}","templated":true}]}}