{"id":3770,"date":"2020-06-10T15:54:30","date_gmt":"2020-06-10T13:54:30","guid":{"rendered":"https:\/\/smporres.archimadrid.es\/?page_id=3770"},"modified":"2020-06-10T15:54:30","modified_gmt":"2020-06-10T13:54:30","slug":"143-ven-espiritu-divino","status":"publish","type":"page","link":"https:\/\/smporres.archimadrid.es\/?page_id=3770","title":{"rendered":"143. VEN ESP\u00cdRITU DIVINO"},"content":{"rendered":"\n<p>VEN ESP\u00cdRITU, VEN ESP\u00cdRITU,<br>VEN ESP\u00cdRITU U U U \u2026<\/p>\n\n\n\n<p>Ven, Esp\u00edritu Divino,<br>manda tu luz desde el cielo.<br>Padre amoroso del pobre;<br>don, en tus dones espl\u00e9ndido;<br>luz que penetra las almas;<br>fuente del mayor consuelo.<\/p>\n\n\n\n<p>Ven, dulce hu\u00e9sped del alma,<br>descanso de nuestro esfuerzo,<br>tregua en el duro trabajo,<br>brisa en las horas de fuego,<br>gozo que enjuga las l\u00e1grimas<br>y reconforta en los duelos.<br>Entra hasta el fondo del alma,<br>divina luz y enriqu\u00e9cenos.<br>Mira el vac\u00edo del hombre,<br>si t\u00fa le faltas por dentro;<br>mira el poder del pecado,<br>cuando no env\u00edas tu aliento.<\/p>\n\n\n\n<p>Riega la tierra en sequ\u00eda,<br>sana el coraz\u00f3n enfermo,<br>lava las manchas, infunde<br>calor de vida en el hielo,<br>doma el esp\u00edritu ind\u00f3mito,<br>gu\u00eda al que tuerce el sendero.<br>Reparte tus siete dones,<br>seg\u00fan la fe de tus siervos,<br>por tu bondad y tu gracia,<br>dale al esfuerzo su m\u00e9rito;<br>salva al que busca salvarse<br>y danos tu gozo eterno.<\/p>\n","protected":false},"excerpt":{"rendered":"<p>VEN ESP\u00cdRITU, VEN ESP\u00cdRITU,VEN ESP\u00cdRITU U U U \u2026 Ven, Esp\u00edritu Divino,manda tu luz desde el cielo.Padre amoroso del pobre;don, en tus dones espl\u00e9ndido;luz que penetra las almas;fuente del mayor [&hellip;]<\/p>\n","protected":false},"author":1,"featured_media":0,"parent":0,"menu_order":0,"comment_status":"closed","ping_status":"closed","template":"","meta":{"footnotes":""},"class_list":["post-3770","page","type-page","status-publish","hentry"],"_links":{"self":[{"href":"https:\/\/smporres.archimadrid.es\/index.php?rest_route=\/wp\/v2\/pages\/3770","targetHints":{"allow":["GET"]}}],"collection":[{"href":"https:\/\/smporres.archimadrid.es\/index.php?rest_route=\/wp\/v2\/pages"}],"about":[{"href":"https:\/\/smporres.archimadrid.es\/index.php?rest_route=\/wp\/v2\/types\/page"}],"author":[{"embeddable":true,"href":"https:\/\/smporres.archimadrid.es\/index.php?rest_route=\/wp\/v2\/users\/1"}],"replies":[{"embeddable":true,"href":"https:\/\/smporres.archimadrid.es\/index.php?rest_route=%2Fwp%2Fv2%2Fcomments&post=3770"}],"version-history":[{"count":1,"href":"https:\/\/smporres.archimadrid.es\/index.php?rest_route=\/wp\/v2\/pages\/3770\/revisions"}],"predecessor-version":[{"id":3771,"href":"https:\/\/smporres.archimadrid.es\/index.php?rest_route=\/wp\/v2\/pages\/3770\/revisions\/3771"}],"wp:attachment":[{"href":"https:\/\/smporres.archimadrid.es\/index.php?rest_route=%2Fwp%2Fv2%2Fmedia&parent=3770"}],"curies":[{"name":"wp","href":"https:\/\/api.w.org\/{rel}","templated":true}]}}