{"id":3768,"date":"2020-06-10T15:53:36","date_gmt":"2020-06-10T13:53:36","guid":{"rendered":"https:\/\/smporres.archimadrid.es\/?page_id=3768"},"modified":"2020-06-10T15:53:36","modified_gmt":"2020-06-10T13:53:36","slug":"142-vamos-cantando-al-senor","status":"publish","type":"page","link":"https:\/\/smporres.archimadrid.es\/?page_id=3768","title":{"rendered":"142. VAMOS CANTANDO AL SE\u00d1OR"},"content":{"rendered":"\n<p>VAMOS CANTANDO AL SE\u00d1OR<br>\u00c9L ES NUESTRA ALEGR\u00cdA<br>La luz de un nuevo d\u00eda venci\u00f3 la oscuridad,<br>que brille en nuestras almas la luz de la verdad.<\/p>\n\n\n\n<p>La roca que nos salva es Cristo, nuestro Dios,<br>lleguemos dando gracias a nuestro Redentor.<\/p>\n\n\n\n<p>Los cielos y la tierra aclaman al Se\u00f1or:<br>ha hecho maravillas, inmenso es su amor.<\/p>\n\n\n\n<p>Unidos como hermanos venimos a tu altar,<br>que llenes nuestras vidas de amor y de amistad.<\/p>\n","protected":false},"excerpt":{"rendered":"<p>VAMOS CANTANDO AL SE\u00d1OR\u00c9L ES NUESTRA ALEGR\u00cdALa luz de un nuevo d\u00eda venci\u00f3 la oscuridad,que brille en nuestras almas la luz de la verdad. La roca que nos salva es [&hellip;]<\/p>\n","protected":false},"author":1,"featured_media":0,"parent":0,"menu_order":0,"comment_status":"closed","ping_status":"closed","template":"","meta":{"footnotes":""},"class_list":["post-3768","page","type-page","status-publish","hentry"],"_links":{"self":[{"href":"https:\/\/smporres.archimadrid.es\/index.php?rest_route=\/wp\/v2\/pages\/3768","targetHints":{"allow":["GET"]}}],"collection":[{"href":"https:\/\/smporres.archimadrid.es\/index.php?rest_route=\/wp\/v2\/pages"}],"about":[{"href":"https:\/\/smporres.archimadrid.es\/index.php?rest_route=\/wp\/v2\/types\/page"}],"author":[{"embeddable":true,"href":"https:\/\/smporres.archimadrid.es\/index.php?rest_route=\/wp\/v2\/users\/1"}],"replies":[{"embeddable":true,"href":"https:\/\/smporres.archimadrid.es\/index.php?rest_route=%2Fwp%2Fv2%2Fcomments&post=3768"}],"version-history":[{"count":1,"href":"https:\/\/smporres.archimadrid.es\/index.php?rest_route=\/wp\/v2\/pages\/3768\/revisions"}],"predecessor-version":[{"id":3769,"href":"https:\/\/smporres.archimadrid.es\/index.php?rest_route=\/wp\/v2\/pages\/3768\/revisions\/3769"}],"wp:attachment":[{"href":"https:\/\/smporres.archimadrid.es\/index.php?rest_route=%2Fwp%2Fv2%2Fmedia&parent=3768"}],"curies":[{"name":"wp","href":"https:\/\/api.w.org\/{rel}","templated":true}]}}