{"id":3765,"date":"2020-06-10T15:52:38","date_gmt":"2020-06-10T13:52:38","guid":{"rendered":"https:\/\/smporres.archimadrid.es\/?page_id=3765"},"modified":"2020-06-10T15:52:38","modified_gmt":"2020-06-10T13:52:38","slug":"141-vamos-a-preparar-el-camino","status":"publish","type":"page","link":"https:\/\/smporres.archimadrid.es\/?page_id=3765","title":{"rendered":"141. VAMOS A PREPARAR EL CAMINO"},"content":{"rendered":"\n<p>VAMOS A PREPARAR EL CAMINO DEL SE\u00d1OR,<br>VAMOS A CONSTRUIR LA CIUDAD DE NUESTRO DIOS.<\/p>\n\n\n\n<p>Vendr\u00e1 el Se\u00f1or con la aurora,<br>El brillar\u00e1 en la ma\u00f1ana, pregonar\u00e1 la verdad.<br>Vendr\u00e1 el Se\u00f1or con su fuerza, El romper\u00e1 las cadenas,<br>\u00c9l nos dar\u00e1 la libertad.<\/p>\n\n\n\n<p>El estar\u00e1 a nuestro lado, \u00c9l guiar\u00e1 nuestros pasos,<br>\u00c9l nos dar\u00e1 la salvaci\u00f3n.<\/p>\n\n\n\n<p>Nos limpiar\u00e1 del pecado, ya no seremos esclavos,<br>\u00c9l nos dar\u00e1 la libertad.<\/p>\n\n\n\n<p>Visitar\u00e1 nuestras casas, nos llenar\u00e1 de esperanza,<br>\u00c9l nos dar\u00e1 la salvaci\u00f3n.<\/p>\n\n\n\n<p>Compartir\u00e1 nuestros cantos, todos seremos hermanos,<br>\u00c9l nos dar\u00e1 la libertad.<\/p>\n\n\n\n<p>Caminar\u00e1 con nosotros, nunca estaremos ya solos,<br>\u00c9l nos dar\u00e1 la salvaci\u00f3n.<br>\u00c9l cumplir\u00e1 la promesa y llevar\u00e1 nuestras penas,<br>\u00c9l nos dar\u00e1 la libertad.<\/p>\n","protected":false},"excerpt":{"rendered":"<p>VAMOS A PREPARAR EL CAMINO DEL SE\u00d1OR,VAMOS A CONSTRUIR LA CIUDAD DE NUESTRO DIOS. Vendr\u00e1 el Se\u00f1or con la aurora,El brillar\u00e1 en la ma\u00f1ana, pregonar\u00e1 la verdad.Vendr\u00e1 el Se\u00f1or con [&hellip;]<\/p>\n","protected":false},"author":1,"featured_media":0,"parent":0,"menu_order":0,"comment_status":"closed","ping_status":"closed","template":"","meta":{"footnotes":""},"class_list":["post-3765","page","type-page","status-publish","hentry"],"_links":{"self":[{"href":"https:\/\/smporres.archimadrid.es\/index.php?rest_route=\/wp\/v2\/pages\/3765","targetHints":{"allow":["GET"]}}],"collection":[{"href":"https:\/\/smporres.archimadrid.es\/index.php?rest_route=\/wp\/v2\/pages"}],"about":[{"href":"https:\/\/smporres.archimadrid.es\/index.php?rest_route=\/wp\/v2\/types\/page"}],"author":[{"embeddable":true,"href":"https:\/\/smporres.archimadrid.es\/index.php?rest_route=\/wp\/v2\/users\/1"}],"replies":[{"embeddable":true,"href":"https:\/\/smporres.archimadrid.es\/index.php?rest_route=%2Fwp%2Fv2%2Fcomments&post=3765"}],"version-history":[{"count":1,"href":"https:\/\/smporres.archimadrid.es\/index.php?rest_route=\/wp\/v2\/pages\/3765\/revisions"}],"predecessor-version":[{"id":3767,"href":"https:\/\/smporres.archimadrid.es\/index.php?rest_route=\/wp\/v2\/pages\/3765\/revisions\/3767"}],"wp:attachment":[{"href":"https:\/\/smporres.archimadrid.es\/index.php?rest_route=%2Fwp%2Fv2%2Fmedia&parent=3765"}],"curies":[{"name":"wp","href":"https:\/\/api.w.org\/{rel}","templated":true}]}}