{"id":3763,"date":"2020-06-10T15:51:09","date_gmt":"2020-06-10T13:51:09","guid":{"rendered":"https:\/\/smporres.archimadrid.es\/?page_id=3763"},"modified":"2020-06-10T15:51:09","modified_gmt":"2020-06-10T13:51:09","slug":"140-un-solo-senor","status":"publish","type":"page","link":"https:\/\/smporres.archimadrid.es\/?page_id=3763","title":{"rendered":"140. UN SOLO SE\u00d1OR"},"content":{"rendered":"\n<p>Llamados a guardar la unidad del Esp\u00edritu,<br>por el v\u00ednculo de la paz,<br>cantamos y proclamamos.<\/p>\n\n\n\n<p>UN SOLO SE\u00d1OR, UNA SOLA FE,<br>UN SOLO BAUTISMO, UN SOLO DIOS Y PADRE.<\/p>\n\n\n\n<p>Llamados a formar un solo cuerpo<br>en un mismo Esp\u00edritu,<br>cantamos y proclamamos.<\/p>\n\n\n\n<p>Llamados a compartir<br>una misma esperanza en Cristo,<br>cantamos y proclamamos.<\/p>\n","protected":false},"excerpt":{"rendered":"<p>Llamados a guardar la unidad del Esp\u00edritu,por el v\u00ednculo de la paz,cantamos y proclamamos. UN SOLO SE\u00d1OR, UNA SOLA FE,UN SOLO BAUTISMO, UN SOLO DIOS Y PADRE. Llamados a formar [&hellip;]<\/p>\n","protected":false},"author":1,"featured_media":0,"parent":0,"menu_order":0,"comment_status":"closed","ping_status":"closed","template":"","meta":{"footnotes":""},"class_list":["post-3763","page","type-page","status-publish","hentry"],"_links":{"self":[{"href":"https:\/\/smporres.archimadrid.es\/index.php?rest_route=\/wp\/v2\/pages\/3763","targetHints":{"allow":["GET"]}}],"collection":[{"href":"https:\/\/smporres.archimadrid.es\/index.php?rest_route=\/wp\/v2\/pages"}],"about":[{"href":"https:\/\/smporres.archimadrid.es\/index.php?rest_route=\/wp\/v2\/types\/page"}],"author":[{"embeddable":true,"href":"https:\/\/smporres.archimadrid.es\/index.php?rest_route=\/wp\/v2\/users\/1"}],"replies":[{"embeddable":true,"href":"https:\/\/smporres.archimadrid.es\/index.php?rest_route=%2Fwp%2Fv2%2Fcomments&post=3763"}],"version-history":[{"count":1,"href":"https:\/\/smporres.archimadrid.es\/index.php?rest_route=\/wp\/v2\/pages\/3763\/revisions"}],"predecessor-version":[{"id":3764,"href":"https:\/\/smporres.archimadrid.es\/index.php?rest_route=\/wp\/v2\/pages\/3763\/revisions\/3764"}],"wp:attachment":[{"href":"https:\/\/smporres.archimadrid.es\/index.php?rest_route=%2Fwp%2Fv2%2Fmedia&parent=3763"}],"curies":[{"name":"wp","href":"https:\/\/api.w.org\/{rel}","templated":true}]}}