{"id":3758,"date":"2020-06-10T15:49:00","date_gmt":"2020-06-10T13:49:00","guid":{"rendered":"https:\/\/smporres.archimadrid.es\/?page_id=3758"},"modified":"2020-06-10T15:49:00","modified_gmt":"2020-06-10T13:49:00","slug":"138-un-mandamiento-nuevo","status":"publish","type":"page","link":"https:\/\/smporres.archimadrid.es\/?page_id=3758","title":{"rendered":"138. UN MANDAMIENTO NUEVO"},"content":{"rendered":"\n<p>UN MANDAMIENTO NUEVO,<br>NOS DIO EL SE\u00d1OR<br>QUE NOS AMARAMOS TODOS,<br>COMO EL SE\u00d1OR NOS AMO<\/p>\n\n\n\n<p>La se\u00f1al de los cristianos<br>es amarse como hermanos.<br>Quien a sus hermanos no ama<br>Miente si a Dios dice que ama.<\/p>\n\n\n\n<p>Cristo: luz, Verdad y Vida<br>al perd\u00f3n y amor invita.<\/p>\n\n\n\n<p>Perdonemos al hermano<br>como Cristo ha ordenado.<\/p>\n\n\n\n<p>Hermanos somos de Cristo<br>si de veras perdonamos.<\/p>\n\n\n\n<p>En trabajos y en fatigas<br>Cristo a todos nos anima.<\/p>\n","protected":false},"excerpt":{"rendered":"<p>UN MANDAMIENTO NUEVO,NOS DIO EL SE\u00d1ORQUE NOS AMARAMOS TODOS,COMO EL SE\u00d1OR NOS AMO La se\u00f1al de los cristianoses amarse como hermanos.Quien a sus hermanos no amaMiente si a Dios dice [&hellip;]<\/p>\n","protected":false},"author":1,"featured_media":0,"parent":0,"menu_order":0,"comment_status":"closed","ping_status":"closed","template":"","meta":{"footnotes":""},"class_list":["post-3758","page","type-page","status-publish","hentry"],"_links":{"self":[{"href":"https:\/\/smporres.archimadrid.es\/index.php?rest_route=\/wp\/v2\/pages\/3758","targetHints":{"allow":["GET"]}}],"collection":[{"href":"https:\/\/smporres.archimadrid.es\/index.php?rest_route=\/wp\/v2\/pages"}],"about":[{"href":"https:\/\/smporres.archimadrid.es\/index.php?rest_route=\/wp\/v2\/types\/page"}],"author":[{"embeddable":true,"href":"https:\/\/smporres.archimadrid.es\/index.php?rest_route=\/wp\/v2\/users\/1"}],"replies":[{"embeddable":true,"href":"https:\/\/smporres.archimadrid.es\/index.php?rest_route=%2Fwp%2Fv2%2Fcomments&post=3758"}],"version-history":[{"count":1,"href":"https:\/\/smporres.archimadrid.es\/index.php?rest_route=\/wp\/v2\/pages\/3758\/revisions"}],"predecessor-version":[{"id":3759,"href":"https:\/\/smporres.archimadrid.es\/index.php?rest_route=\/wp\/v2\/pages\/3758\/revisions\/3759"}],"wp:attachment":[{"href":"https:\/\/smporres.archimadrid.es\/index.php?rest_route=%2Fwp%2Fv2%2Fmedia&parent=3758"}],"curies":[{"name":"wp","href":"https:\/\/api.w.org\/{rel}","templated":true}]}}