{"id":3755,"date":"2020-06-10T15:48:14","date_gmt":"2020-06-10T13:48:14","guid":{"rendered":"https:\/\/smporres.archimadrid.es\/?page_id=3755"},"modified":"2020-06-10T15:48:14","modified_gmt":"2020-06-10T13:48:14","slug":"137-una-espiga-dorada","status":"publish","type":"page","link":"https:\/\/smporres.archimadrid.es\/?page_id=3755","title":{"rendered":"137. UNA ESPIGA DORADA"},"content":{"rendered":"\n<p>Una espiga dorada por el sol,<br>el racimo que corta el vi\u00f1ador,<br>se convierten ahora en pan y vino de amor,<br>en el Cuerpo y la Sangre del Se\u00f1or. (bis)<\/p>\n\n\n\n<p>Compartimos la misma comuni\u00f3n,<br>somos trigo del mismo sembrador,<br>un molino, la vida, nos tritura con dolor;<br>Dios nos hace Eucarist\u00eda en el amor. (bis)<\/p>\n\n\n\n<p>Como granos que han hecho el mismo pan,<br>como notas que tejen un cantar,<br>como gotas de agua que se funden en el mar,<br>los cristianos un cuerpo formar\u00e1n. (bis)<\/p>\n\n\n\n<p>En la mesa de Dios se sentar\u00e1n,<br>como hijos su Pan comulgar\u00e1n,<br>una misma esperanza, caminando cantar\u00e1n,<br>en la vida como hermanos se amar\u00e1n. (bis)<\/p>\n","protected":false},"excerpt":{"rendered":"<p>Una espiga dorada por el sol,el racimo que corta el vi\u00f1ador,se convierten ahora en pan y vino de amor,en el Cuerpo y la Sangre del Se\u00f1or. (bis) Compartimos la misma [&hellip;]<\/p>\n","protected":false},"author":1,"featured_media":0,"parent":0,"menu_order":0,"comment_status":"closed","ping_status":"closed","template":"","meta":{"footnotes":""},"class_list":["post-3755","page","type-page","status-publish","hentry"],"_links":{"self":[{"href":"https:\/\/smporres.archimadrid.es\/index.php?rest_route=\/wp\/v2\/pages\/3755","targetHints":{"allow":["GET"]}}],"collection":[{"href":"https:\/\/smporres.archimadrid.es\/index.php?rest_route=\/wp\/v2\/pages"}],"about":[{"href":"https:\/\/smporres.archimadrid.es\/index.php?rest_route=\/wp\/v2\/types\/page"}],"author":[{"embeddable":true,"href":"https:\/\/smporres.archimadrid.es\/index.php?rest_route=\/wp\/v2\/users\/1"}],"replies":[{"embeddable":true,"href":"https:\/\/smporres.archimadrid.es\/index.php?rest_route=%2Fwp%2Fv2%2Fcomments&post=3755"}],"version-history":[{"count":1,"href":"https:\/\/smporres.archimadrid.es\/index.php?rest_route=\/wp\/v2\/pages\/3755\/revisions"}],"predecessor-version":[{"id":3757,"href":"https:\/\/smporres.archimadrid.es\/index.php?rest_route=\/wp\/v2\/pages\/3755\/revisions\/3757"}],"wp:attachment":[{"href":"https:\/\/smporres.archimadrid.es\/index.php?rest_route=%2Fwp%2Fv2%2Fmedia&parent=3755"}],"curies":[{"name":"wp","href":"https:\/\/api.w.org\/{rel}","templated":true}]}}