{"id":3753,"date":"2020-06-10T15:47:21","date_gmt":"2020-06-10T13:47:21","guid":{"rendered":"https:\/\/smporres.archimadrid.es\/?page_id=3753"},"modified":"2020-06-10T15:47:21","modified_gmt":"2020-06-10T13:47:21","slug":"136-tu-que-siempre-nos-perdonas","status":"publish","type":"page","link":"https:\/\/smporres.archimadrid.es\/?page_id=3753","title":{"rendered":"136. T\u00da QUE SIEMPRE NOS PERDONAS"},"content":{"rendered":"\n<p>T\u00fa que siempre nos perdonas<br>porque nos quieres mucho.<br>T\u00fa que siempre nos perdonas,<br>Se\u00f1or, ten piedad.<\/p>\n\n\n\n<p>T\u00fa que siempre nos escuchas<br>porque nos quieres mucho.<br>T\u00fa que siempre nos escuchas,<br>Cristo, ten piedad.<\/p>\n\n\n\n<p>T\u00fa que siempre nos ayudas<br>porque nos quieres mucho.<br>T\u00fa que siempre nos ayudas,<br>Se\u00f1or, ten piedad.<\/p>\n","protected":false},"excerpt":{"rendered":"<p>T\u00fa que siempre nos perdonasporque nos quieres mucho.T\u00fa que siempre nos perdonas,Se\u00f1or, ten piedad. T\u00fa que siempre nos escuchasporque nos quieres mucho.T\u00fa que siempre nos escuchas,Cristo, ten piedad. T\u00fa que [&hellip;]<\/p>\n","protected":false},"author":1,"featured_media":0,"parent":0,"menu_order":0,"comment_status":"closed","ping_status":"closed","template":"","meta":{"footnotes":""},"class_list":["post-3753","page","type-page","status-publish","hentry"],"_links":{"self":[{"href":"https:\/\/smporres.archimadrid.es\/index.php?rest_route=\/wp\/v2\/pages\/3753","targetHints":{"allow":["GET"]}}],"collection":[{"href":"https:\/\/smporres.archimadrid.es\/index.php?rest_route=\/wp\/v2\/pages"}],"about":[{"href":"https:\/\/smporres.archimadrid.es\/index.php?rest_route=\/wp\/v2\/types\/page"}],"author":[{"embeddable":true,"href":"https:\/\/smporres.archimadrid.es\/index.php?rest_route=\/wp\/v2\/users\/1"}],"replies":[{"embeddable":true,"href":"https:\/\/smporres.archimadrid.es\/index.php?rest_route=%2Fwp%2Fv2%2Fcomments&post=3753"}],"version-history":[{"count":1,"href":"https:\/\/smporres.archimadrid.es\/index.php?rest_route=\/wp\/v2\/pages\/3753\/revisions"}],"predecessor-version":[{"id":3754,"href":"https:\/\/smporres.archimadrid.es\/index.php?rest_route=\/wp\/v2\/pages\/3753\/revisions\/3754"}],"wp:attachment":[{"href":"https:\/\/smporres.archimadrid.es\/index.php?rest_route=%2Fwp%2Fv2%2Fmedia&parent=3753"}],"curies":[{"name":"wp","href":"https:\/\/api.w.org\/{rel}","templated":true}]}}