{"id":3745,"date":"2020-06-10T15:43:45","date_gmt":"2020-06-10T13:43:45","guid":{"rendered":"https:\/\/smporres.archimadrid.es\/?page_id=3745"},"modified":"2020-06-10T15:43:45","modified_gmt":"2020-06-10T13:43:45","slug":"132-tu-eres-senor-el-pan-de-vida","status":"publish","type":"page","link":"https:\/\/smporres.archimadrid.es\/?page_id=3745","title":{"rendered":"132. T\u00da ERES, SE\u00d1OR EL PAN DE VIDA"},"content":{"rendered":"\n<p>Mi Padre es quien os da verdadero Pan del cielo.<br>T\u00da ERES, SE\u00d1OR, EL PAN DE VIDA.<br>Quien come de este Pan, vivir\u00e1 eternamente.<br>Aquel que venga a M\u00ed, no padecer\u00e1 m\u00e1s hambre.<br>Mi carne es manjar y mi Sangre la bebida.<br>El pan que Yo os dar\u00e9, ha de ser mi propia Carne.<br>Quien come de mi Carne, mora en M\u00ed y Yo en \u00e9l.<br>Bebed todos de \u00e9l: es el c\u00e1liz de mi Sangre.<br>Yo soy el Pan de Vida que ha bajado de los cielos.<br>Si no com\u00e9is mi Carne, no tendr\u00e9is vida en vosotros.<br>Quien bebe de mi Sangre, tiene ya de la Vida eterna.<br>Mi Cuerpo recibid, entregado por vosotros.<\/p>\n","protected":false},"excerpt":{"rendered":"<p>Mi Padre es quien os da verdadero Pan del cielo.T\u00da ERES, SE\u00d1OR, EL PAN DE VIDA.Quien come de este Pan, vivir\u00e1 eternamente.Aquel que venga a M\u00ed, no padecer\u00e1 m\u00e1s hambre.Mi [&hellip;]<\/p>\n","protected":false},"author":1,"featured_media":0,"parent":0,"menu_order":0,"comment_status":"closed","ping_status":"closed","template":"","meta":{"footnotes":""},"class_list":["post-3745","page","type-page","status-publish","hentry"],"_links":{"self":[{"href":"https:\/\/smporres.archimadrid.es\/index.php?rest_route=\/wp\/v2\/pages\/3745","targetHints":{"allow":["GET"]}}],"collection":[{"href":"https:\/\/smporres.archimadrid.es\/index.php?rest_route=\/wp\/v2\/pages"}],"about":[{"href":"https:\/\/smporres.archimadrid.es\/index.php?rest_route=\/wp\/v2\/types\/page"}],"author":[{"embeddable":true,"href":"https:\/\/smporres.archimadrid.es\/index.php?rest_route=\/wp\/v2\/users\/1"}],"replies":[{"embeddable":true,"href":"https:\/\/smporres.archimadrid.es\/index.php?rest_route=%2Fwp%2Fv2%2Fcomments&post=3745"}],"version-history":[{"count":1,"href":"https:\/\/smporres.archimadrid.es\/index.php?rest_route=\/wp\/v2\/pages\/3745\/revisions"}],"predecessor-version":[{"id":3746,"href":"https:\/\/smporres.archimadrid.es\/index.php?rest_route=\/wp\/v2\/pages\/3745\/revisions\/3746"}],"wp:attachment":[{"href":"https:\/\/smporres.archimadrid.es\/index.php?rest_route=%2Fwp%2Fv2%2Fmedia&parent=3745"}],"curies":[{"name":"wp","href":"https:\/\/api.w.org\/{rel}","templated":true}]}}