{"id":3743,"date":"2020-06-10T15:42:23","date_gmt":"2020-06-10T13:42:23","guid":{"rendered":"https:\/\/smporres.archimadrid.es\/?page_id=3743"},"modified":"2020-06-10T15:42:23","modified_gmt":"2020-06-10T13:42:23","slug":"131-tomad-virgen-pura","status":"publish","type":"page","link":"https:\/\/smporres.archimadrid.es\/?page_id=3743","title":{"rendered":"131. TOMAD, VIRGEN PURA"},"content":{"rendered":"\n<p>TOMAD VIRGEN PURA, NUESTROS CORAZONES,<br>NO NOS ABANDONES JAM\u00c1S, JAM\u00c1S.<\/p>\n\n\n\n<p>Mil querubes bellos orlan tu dosel,<br>quiero estar con ellos, Virgen ll\u00e9vame.<br>\u00a1Contigo en el cielo! \u00a1Colmado mi anhelo!<br>\u00a1Qu\u00e9 feliz ser\u00e9!<\/p>\n\n\n\n<p>All\u00ed tu hermosura po-o-or siempre ver\u00e9<br>y eternal ventura co-o-on ella tendr\u00e9.<br>All\u00ed tus loores, con himno de amores,<br>sin fin cantar\u00e9.<\/p>\n\n\n\n<p>Mi alma Madre ans\u00eda en la eternidad,<br>con suave armon\u00eda tu-u-u lo-or cantar.<br>Y en sublime abrazo, all\u00ed en tu regazo,<br>a Dios alabar.<\/p>\n","protected":false},"excerpt":{"rendered":"<p>TOMAD VIRGEN PURA, NUESTROS CORAZONES,NO NOS ABANDONES JAM\u00c1S, JAM\u00c1S. Mil querubes bellos orlan tu dosel,quiero estar con ellos, Virgen ll\u00e9vame.\u00a1Contigo en el cielo! \u00a1Colmado mi anhelo!\u00a1Qu\u00e9 feliz ser\u00e9! All\u00ed tu [&hellip;]<\/p>\n","protected":false},"author":1,"featured_media":0,"parent":0,"menu_order":0,"comment_status":"closed","ping_status":"closed","template":"","meta":{"footnotes":""},"class_list":["post-3743","page","type-page","status-publish","hentry"],"_links":{"self":[{"href":"https:\/\/smporres.archimadrid.es\/index.php?rest_route=\/wp\/v2\/pages\/3743","targetHints":{"allow":["GET"]}}],"collection":[{"href":"https:\/\/smporres.archimadrid.es\/index.php?rest_route=\/wp\/v2\/pages"}],"about":[{"href":"https:\/\/smporres.archimadrid.es\/index.php?rest_route=\/wp\/v2\/types\/page"}],"author":[{"embeddable":true,"href":"https:\/\/smporres.archimadrid.es\/index.php?rest_route=\/wp\/v2\/users\/1"}],"replies":[{"embeddable":true,"href":"https:\/\/smporres.archimadrid.es\/index.php?rest_route=%2Fwp%2Fv2%2Fcomments&post=3743"}],"version-history":[{"count":1,"href":"https:\/\/smporres.archimadrid.es\/index.php?rest_route=\/wp\/v2\/pages\/3743\/revisions"}],"predecessor-version":[{"id":3744,"href":"https:\/\/smporres.archimadrid.es\/index.php?rest_route=\/wp\/v2\/pages\/3743\/revisions\/3744"}],"wp:attachment":[{"href":"https:\/\/smporres.archimadrid.es\/index.php?rest_route=%2Fwp%2Fv2%2Fmedia&parent=3743"}],"curies":[{"name":"wp","href":"https:\/\/api.w.org\/{rel}","templated":true}]}}