{"id":3740,"date":"2020-06-10T15:41:30","date_gmt":"2020-06-10T13:41:30","guid":{"rendered":"https:\/\/smporres.archimadrid.es\/?page_id=3740"},"modified":"2020-06-10T15:41:30","modified_gmt":"2020-06-10T13:41:30","slug":"130-tomado-de-la-mano","status":"publish","type":"page","link":"https:\/\/smporres.archimadrid.es\/?page_id=3740","title":{"rendered":"130. TOMADO DE LA MANO"},"content":{"rendered":"\n<p>TOMADO DE LA MANO CON JES\u00daS YO VOY<br>LE SIGO COMO OVEJA QUE ENCONTR\u00d3 EL PASTOR.<br>TOMADO DE LA MANO CON JES\u00daS YO VOY<br>A DONDE \u00c9L VA. (2)<\/p>\n\n\n\n<p>Si Jes\u00fas te dice amigo<br>deja todo y ven conmigo<br>donde todo es m\u00e1s hermoso<br>y m\u00e1s feliz.<\/p>\n","protected":false},"excerpt":{"rendered":"<p>TOMADO DE LA MANO CON JES\u00daS YO VOYLE SIGO COMO OVEJA QUE ENCONTR\u00d3 EL PASTOR.TOMADO DE LA MANO CON JES\u00daS YO VOYA DONDE \u00c9L VA. (2) Si Jes\u00fas te dice [&hellip;]<\/p>\n","protected":false},"author":1,"featured_media":0,"parent":0,"menu_order":0,"comment_status":"closed","ping_status":"closed","template":"","meta":{"footnotes":""},"class_list":["post-3740","page","type-page","status-publish","hentry"],"_links":{"self":[{"href":"https:\/\/smporres.archimadrid.es\/index.php?rest_route=\/wp\/v2\/pages\/3740","targetHints":{"allow":["GET"]}}],"collection":[{"href":"https:\/\/smporres.archimadrid.es\/index.php?rest_route=\/wp\/v2\/pages"}],"about":[{"href":"https:\/\/smporres.archimadrid.es\/index.php?rest_route=\/wp\/v2\/types\/page"}],"author":[{"embeddable":true,"href":"https:\/\/smporres.archimadrid.es\/index.php?rest_route=\/wp\/v2\/users\/1"}],"replies":[{"embeddable":true,"href":"https:\/\/smporres.archimadrid.es\/index.php?rest_route=%2Fwp%2Fv2%2Fcomments&post=3740"}],"version-history":[{"count":1,"href":"https:\/\/smporres.archimadrid.es\/index.php?rest_route=\/wp\/v2\/pages\/3740\/revisions"}],"predecessor-version":[{"id":3741,"href":"https:\/\/smporres.archimadrid.es\/index.php?rest_route=\/wp\/v2\/pages\/3740\/revisions\/3741"}],"wp:attachment":[{"href":"https:\/\/smporres.archimadrid.es\/index.php?rest_route=%2Fwp%2Fv2%2Fmedia&parent=3740"}],"curies":[{"name":"wp","href":"https:\/\/api.w.org\/{rel}","templated":true}]}}