{"id":3736,"date":"2020-06-10T15:40:02","date_gmt":"2020-06-10T13:40:02","guid":{"rendered":"https:\/\/smporres.archimadrid.es\/?page_id=3736"},"modified":"2020-06-10T15:40:02","modified_gmt":"2020-06-10T13:40:02","slug":"128-te-ofrecemos-senor","status":"publish","type":"page","link":"https:\/\/smporres.archimadrid.es\/?page_id=3736","title":{"rendered":"128. TE OFRECEMOS SE\u00d1OR"},"content":{"rendered":"\n<p>TE OFRECEMOS, SE\u00d1OR,<br>NUESTRA JUVENTUD (BIS)<\/p>\n\n\n\n<p>Este d\u00eda que amanece<br>entre cantos y alegr\u00edas,<br>este d\u00eda en que sentimos<br>tu presencia en nuestras vidas.<\/p>\n\n\n\n<p>Ilusiones y esperanzas,<br>la alegr\u00eda de vivir<br>todos juntos como hermanos,<br>caminando hacia ti.<\/p>\n\n\n\n<p>Vino y pan hoy te ofrecemos;<br>pronto se convertir\u00e1n<br>en tu cuerpo y en tu sangre,<br>fuente de alegr\u00eda y paz.<\/p>\n\n\n\n<p>Ofrecemos todos juntos<br>nuestras vidas al Se\u00f1or,<br>los trabajos y dolores,<br>la alegr\u00eda y el amor.<\/p>\n","protected":false},"excerpt":{"rendered":"<p>TE OFRECEMOS, SE\u00d1OR,NUESTRA JUVENTUD (BIS) Este d\u00eda que amaneceentre cantos y alegr\u00edas,este d\u00eda en que sentimostu presencia en nuestras vidas. Ilusiones y esperanzas,la alegr\u00eda de vivirtodos juntos como hermanos,caminando hacia [&hellip;]<\/p>\n","protected":false},"author":1,"featured_media":0,"parent":0,"menu_order":0,"comment_status":"closed","ping_status":"closed","template":"","meta":{"footnotes":""},"class_list":["post-3736","page","type-page","status-publish","hentry"],"_links":{"self":[{"href":"https:\/\/smporres.archimadrid.es\/index.php?rest_route=\/wp\/v2\/pages\/3736","targetHints":{"allow":["GET"]}}],"collection":[{"href":"https:\/\/smporres.archimadrid.es\/index.php?rest_route=\/wp\/v2\/pages"}],"about":[{"href":"https:\/\/smporres.archimadrid.es\/index.php?rest_route=\/wp\/v2\/types\/page"}],"author":[{"embeddable":true,"href":"https:\/\/smporres.archimadrid.es\/index.php?rest_route=\/wp\/v2\/users\/1"}],"replies":[{"embeddable":true,"href":"https:\/\/smporres.archimadrid.es\/index.php?rest_route=%2Fwp%2Fv2%2Fcomments&post=3736"}],"version-history":[{"count":1,"href":"https:\/\/smporres.archimadrid.es\/index.php?rest_route=\/wp\/v2\/pages\/3736\/revisions"}],"predecessor-version":[{"id":3737,"href":"https:\/\/smporres.archimadrid.es\/index.php?rest_route=\/wp\/v2\/pages\/3736\/revisions\/3737"}],"wp:attachment":[{"href":"https:\/\/smporres.archimadrid.es\/index.php?rest_route=%2Fwp%2Fv2%2Fmedia&parent=3736"}],"curies":[{"name":"wp","href":"https:\/\/api.w.org\/{rel}","templated":true}]}}