{"id":3734,"date":"2020-06-10T15:38:55","date_gmt":"2020-06-10T13:38:55","guid":{"rendered":"https:\/\/smporres.archimadrid.es\/?page_id=3734"},"modified":"2020-06-10T15:38:55","modified_gmt":"2020-06-10T13:38:55","slug":"127-te-conocimos-al-partir-el-pan","status":"publish","type":"page","link":"https:\/\/smporres.archimadrid.es\/?page_id=3734","title":{"rendered":"127. TE CONOCIMOS AL PARTIR EL PAN"},"content":{"rendered":"\n<p>Andando por el camino te tropezamos, Se\u00f1or.<br>Te hiciste el encontradizo, nos diste conversaci\u00f3n,<br>ten\u00edan tus palabras fuerza de vida y amor,<br>pon\u00edan esperanza y fuego en el coraz\u00f3n.<\/p>\n\n\n\n<p>TE CONOCIMOS, SE\u00d1OR, AL PARTIR EL PAN.<br>T\u00da NOS CONOCES, SE\u00d1OR, AL PARTIR EL PAN. (BIS)<\/p>\n\n\n\n<p>Llegando a la encrucijada, T\u00fa prosegu\u00edas, Se\u00f1or,<br>te dimos nuestra posada, techo, comida y calor<br>Sentados, como amigos, a compartir el cenar,<br>all\u00ed, te conocimos, al repartirnos el pan<\/p>\n\n\n\n<p>Andando por los caminos, te tropezamos, Se\u00f1or,<br>en todos los peregrinos que necesitan amor;<br>esclavos, oprimidos, que buscan la libertad;<br>hambrientos, desvalidos, a quienes damos el pan.<\/p>\n","protected":false},"excerpt":{"rendered":"<p>Andando por el camino te tropezamos, Se\u00f1or.Te hiciste el encontradizo, nos diste conversaci\u00f3n,ten\u00edan tus palabras fuerza de vida y amor,pon\u00edan esperanza y fuego en el coraz\u00f3n. TE CONOCIMOS, SE\u00d1OR, AL [&hellip;]<\/p>\n","protected":false},"author":1,"featured_media":0,"parent":0,"menu_order":0,"comment_status":"closed","ping_status":"closed","template":"","meta":{"footnotes":""},"class_list":["post-3734","page","type-page","status-publish","hentry"],"_links":{"self":[{"href":"https:\/\/smporres.archimadrid.es\/index.php?rest_route=\/wp\/v2\/pages\/3734","targetHints":{"allow":["GET"]}}],"collection":[{"href":"https:\/\/smporres.archimadrid.es\/index.php?rest_route=\/wp\/v2\/pages"}],"about":[{"href":"https:\/\/smporres.archimadrid.es\/index.php?rest_route=\/wp\/v2\/types\/page"}],"author":[{"embeddable":true,"href":"https:\/\/smporres.archimadrid.es\/index.php?rest_route=\/wp\/v2\/users\/1"}],"replies":[{"embeddable":true,"href":"https:\/\/smporres.archimadrid.es\/index.php?rest_route=%2Fwp%2Fv2%2Fcomments&post=3734"}],"version-history":[{"count":1,"href":"https:\/\/smporres.archimadrid.es\/index.php?rest_route=\/wp\/v2\/pages\/3734\/revisions"}],"predecessor-version":[{"id":3735,"href":"https:\/\/smporres.archimadrid.es\/index.php?rest_route=\/wp\/v2\/pages\/3734\/revisions\/3735"}],"wp:attachment":[{"href":"https:\/\/smporres.archimadrid.es\/index.php?rest_route=%2Fwp%2Fv2%2Fmedia&parent=3734"}],"curies":[{"name":"wp","href":"https:\/\/api.w.org\/{rel}","templated":true}]}}