{"id":3732,"date":"2020-06-10T15:38:05","date_gmt":"2020-06-10T13:38:05","guid":{"rendered":"https:\/\/smporres.archimadrid.es\/?page_id=3732"},"modified":"2020-06-10T15:38:05","modified_gmt":"2020-06-10T13:38:05","slug":"126-tarde-te-ame","status":"publish","type":"page","link":"https:\/\/smporres.archimadrid.es\/?page_id=3732","title":{"rendered":"126. TARDE TE AM\u00c9"},"content":{"rendered":"\n<p>TARDE TE AM\u00c9, BELLEZA INFINITA,<br>TARDE TE AM\u00c9, TARDE TE AM\u00c9,<br>BELLEZA SIEMPRE ANTIGUA Y SIEMPRE NUEVA.<\/p>\n\n\n\n<p>Y supe Se\u00f1or que estabas en mi alma<br>y yo estaba fuera, as\u00ed te buscaba<br>mirando la belleza de lo creado.<\/p>\n\n\n\n<p>T\u00fa estabas conmigo m\u00e1s yo buscaba fuera<br>y no te encontraba, era un prisionero<br>de tus criaturas lejos de Ti.<\/p>\n\n\n\n<p>Se\u00f1or T\u00fa me llamaste, tu voz a m\u00ed lleg\u00f3<br>curando mi sordera, con tu luz brillaste<br>cambiando mi ceguera en un resplandor.<\/p>\n\n\n\n<p>Hasta m\u00ed ha llegado aroma de tu gracia<br>por fin respir\u00e9, Se\u00f1or yo te he gustado<br>siento hambre y sed ans\u00edo tu paz.<\/p>\n","protected":false},"excerpt":{"rendered":"<p>TARDE TE AM\u00c9, BELLEZA INFINITA,TARDE TE AM\u00c9, TARDE TE AM\u00c9,BELLEZA SIEMPRE ANTIGUA Y SIEMPRE NUEVA. Y supe Se\u00f1or que estabas en mi almay yo estaba fuera, as\u00ed te buscabamirando la [&hellip;]<\/p>\n","protected":false},"author":1,"featured_media":0,"parent":0,"menu_order":0,"comment_status":"closed","ping_status":"closed","template":"","meta":{"footnotes":""},"class_list":["post-3732","page","type-page","status-publish","hentry"],"_links":{"self":[{"href":"https:\/\/smporres.archimadrid.es\/index.php?rest_route=\/wp\/v2\/pages\/3732","targetHints":{"allow":["GET"]}}],"collection":[{"href":"https:\/\/smporres.archimadrid.es\/index.php?rest_route=\/wp\/v2\/pages"}],"about":[{"href":"https:\/\/smporres.archimadrid.es\/index.php?rest_route=\/wp\/v2\/types\/page"}],"author":[{"embeddable":true,"href":"https:\/\/smporres.archimadrid.es\/index.php?rest_route=\/wp\/v2\/users\/1"}],"replies":[{"embeddable":true,"href":"https:\/\/smporres.archimadrid.es\/index.php?rest_route=%2Fwp%2Fv2%2Fcomments&post=3732"}],"version-history":[{"count":1,"href":"https:\/\/smporres.archimadrid.es\/index.php?rest_route=\/wp\/v2\/pages\/3732\/revisions"}],"predecessor-version":[{"id":3733,"href":"https:\/\/smporres.archimadrid.es\/index.php?rest_route=\/wp\/v2\/pages\/3732\/revisions\/3733"}],"wp:attachment":[{"href":"https:\/\/smporres.archimadrid.es\/index.php?rest_route=%2Fwp%2Fv2%2Fmedia&parent=3732"}],"curies":[{"name":"wp","href":"https:\/\/api.w.org\/{rel}","templated":true}]}}