{"id":3727,"date":"2020-06-10T15:35:35","date_gmt":"2020-06-10T13:35:35","guid":{"rendered":"https:\/\/smporres.archimadrid.es\/?page_id=3727"},"modified":"2020-06-10T15:35:35","modified_gmt":"2020-06-10T13:35:35","slug":"124-tan-cerca-de-mi","status":"publish","type":"page","link":"https:\/\/smporres.archimadrid.es\/?page_id=3727","title":{"rendered":"124. TAN CERCA DE M\u00cd"},"content":{"rendered":"\n<p>TAN CERCA DE M\u00cd, TAN CERCA DE M\u00cd<br>QUE HASTA LO PUEDO TOCAR. JES\u00daS EST\u00c1 AQU\u00cd.<\/p>\n\n\n\n<p>Le hablar\u00e9 sin miedo al o\u00eddo<br>le contar\u00e9 las cosas que hay en m\u00ed,<br>y es que s\u00f3lo a \u00c9l le interesar\u00e1n,<br>\u00c9l es un amigo para m\u00ed.<\/p>\n\n\n\n<p>M\u00edralo a tu lado caminando<br>pase\u00e1ndose entre la multitud;<br>muchos ciegos son porque no le ven<br>ciegos de ceguera espiritual.<\/p>\n\n\n\n<p>No busques a Cristo en lo alto,<br>ni lo busques en la oscuridad,<br>muy cerca de ti, en tu coraz\u00f3n<br>puedes adorar a Tu Se\u00f1or.<\/p>\n","protected":false},"excerpt":{"rendered":"<p>TAN CERCA DE M\u00cd, TAN CERCA DE M\u00cdQUE HASTA LO PUEDO TOCAR. JES\u00daS EST\u00c1 AQU\u00cd. Le hablar\u00e9 sin miedo al o\u00eddole contar\u00e9 las cosas que hay en m\u00ed,y es que [&hellip;]<\/p>\n","protected":false},"author":1,"featured_media":0,"parent":0,"menu_order":0,"comment_status":"closed","ping_status":"closed","template":"","meta":{"footnotes":""},"class_list":["post-3727","page","type-page","status-publish","hentry"],"_links":{"self":[{"href":"https:\/\/smporres.archimadrid.es\/index.php?rest_route=\/wp\/v2\/pages\/3727","targetHints":{"allow":["GET"]}}],"collection":[{"href":"https:\/\/smporres.archimadrid.es\/index.php?rest_route=\/wp\/v2\/pages"}],"about":[{"href":"https:\/\/smporres.archimadrid.es\/index.php?rest_route=\/wp\/v2\/types\/page"}],"author":[{"embeddable":true,"href":"https:\/\/smporres.archimadrid.es\/index.php?rest_route=\/wp\/v2\/users\/1"}],"replies":[{"embeddable":true,"href":"https:\/\/smporres.archimadrid.es\/index.php?rest_route=%2Fwp%2Fv2%2Fcomments&post=3727"}],"version-history":[{"count":1,"href":"https:\/\/smporres.archimadrid.es\/index.php?rest_route=\/wp\/v2\/pages\/3727\/revisions"}],"predecessor-version":[{"id":3728,"href":"https:\/\/smporres.archimadrid.es\/index.php?rest_route=\/wp\/v2\/pages\/3727\/revisions\/3728"}],"wp:attachment":[{"href":"https:\/\/smporres.archimadrid.es\/index.php?rest_route=%2Fwp%2Fv2%2Fmedia&parent=3727"}],"curies":[{"name":"wp","href":"https:\/\/api.w.org\/{rel}","templated":true}]}}