{"id":3725,"date":"2020-06-10T15:34:12","date_gmt":"2020-06-10T13:34:12","guid":{"rendered":"https:\/\/smporres.archimadrid.es\/?page_id=3725"},"modified":"2020-06-10T15:34:12","modified_gmt":"2020-06-10T13:34:12","slug":"123-sub-tuum-praesidium","status":"publish","type":"page","link":"https:\/\/smporres.archimadrid.es\/?page_id=3725","title":{"rendered":"123. SUB TUUM PRAESIDIUM"},"content":{"rendered":"\n<p>Sub tuum pr\u00e6s\u00eddium conf\u00fagimus, Sancta Dei G\u00e9netrix:<br>nostras deprecati\u00f3nes ne desp\u00edcias in necessit\u00e1tibus,<br>sed a per\u00edculis cunctis l\u00edbera nos semper,<br>Virgo glori\u00f3sa et bened\u00edcta.<\/p>\n","protected":false},"excerpt":{"rendered":"<p>Sub tuum pr\u00e6s\u00eddium conf\u00fagimus, Sancta Dei G\u00e9netrix:nostras deprecati\u00f3nes ne desp\u00edcias in necessit\u00e1tibus,sed a per\u00edculis cunctis l\u00edbera nos semper,Virgo glori\u00f3sa et bened\u00edcta.<\/p>\n","protected":false},"author":1,"featured_media":0,"parent":0,"menu_order":0,"comment_status":"closed","ping_status":"closed","template":"","meta":{"footnotes":""},"class_list":["post-3725","page","type-page","status-publish","hentry"],"_links":{"self":[{"href":"https:\/\/smporres.archimadrid.es\/index.php?rest_route=\/wp\/v2\/pages\/3725","targetHints":{"allow":["GET"]}}],"collection":[{"href":"https:\/\/smporres.archimadrid.es\/index.php?rest_route=\/wp\/v2\/pages"}],"about":[{"href":"https:\/\/smporres.archimadrid.es\/index.php?rest_route=\/wp\/v2\/types\/page"}],"author":[{"embeddable":true,"href":"https:\/\/smporres.archimadrid.es\/index.php?rest_route=\/wp\/v2\/users\/1"}],"replies":[{"embeddable":true,"href":"https:\/\/smporres.archimadrid.es\/index.php?rest_route=%2Fwp%2Fv2%2Fcomments&post=3725"}],"version-history":[{"count":1,"href":"https:\/\/smporres.archimadrid.es\/index.php?rest_route=\/wp\/v2\/pages\/3725\/revisions"}],"predecessor-version":[{"id":3726,"href":"https:\/\/smporres.archimadrid.es\/index.php?rest_route=\/wp\/v2\/pages\/3725\/revisions\/3726"}],"wp:attachment":[{"href":"https:\/\/smporres.archimadrid.es\/index.php?rest_route=%2Fwp%2Fv2%2Fmedia&parent=3725"}],"curies":[{"name":"wp","href":"https:\/\/api.w.org\/{rel}","templated":true}]}}