{"id":3719,"date":"2020-06-10T15:31:30","date_gmt":"2020-06-10T13:31:30","guid":{"rendered":"https:\/\/smporres.archimadrid.es\/?page_id=3719"},"modified":"2020-06-10T15:31:30","modified_gmt":"2020-06-10T13:31:30","slug":"120-si-tienes-fe","status":"publish","type":"page","link":"https:\/\/smporres.archimadrid.es\/?page_id=3719","title":{"rendered":"120. SI TIENES FE"},"content":{"rendered":"\n<p>Cada noche or\u00e9,<br>yo s\u00e9 que alguien me escuch\u00f3,<br>en el alma una canci\u00f3n<br>que nunca entend\u00ed.<br>No hay miedo en mi interior<br>aunque haya tanto que temer,<br>mover\u00e1s monta\u00f1as<br>porque Dios te da el poder.<\/p>\n\n\n\n<p>HABR\u00c1 MILAGROS HOY SI TIENES FE,<br>LA ILUSI\u00d3N NO HA DE MORIR.<br>UN GRAN MILAGRO HOY AL FIN VER\u00c9,<br>SI TIENES FE, EL SE\u00d1OR LO HAR\u00c1,<br>LO HAR\u00c1 SI TIENES FE.<\/p>\n\n\n\n<p>Malos tiempos son<br>la convicci\u00f3n flaquea ya,<br>la esperanza puede huir<br>cual p\u00e1jaro y volar.<br>Mas hoy yo sigo aqu\u00ed<br>creciendo en gozo y en amor,<br>con la fe y la devoci\u00f3n<br>que nunca imagin\u00e9.<\/p>\n\n\n\n<p>HABR\u00c1 MILAGROS HOY\u2026<\/p>\n\n\n\n<p>ni\u00f1os:<br>Ashira l&#8217;Adonai ki ga&#8217;oh ga&#8217;ah<br>Ashira l&#8217;Adonai ki ga&#8217;oh ga&#8217;ah<br>Mijamoja baelim Adonai?<br>Mijamojan\u00e9 darbarkodesh?<br>Najitah vej\u00e1s dej\u00e1 am su gaalta<br>Najitah vej\u00e1s dej\u00e1 am su gaalta<br>Ashira, ashira, ashira (bis)<\/p>\n\n\n\n<p>HABR\u00c1 MILAGROS HOY SI TIENES FE,<br>LA ILUSI\u00d3N NO HA DE MORIR<br>(NO HA DE MORIR).<br>UN GRAN MILAGRO HOY AL FIN VER\u00c9<br>(AL FIN VER\u00c9),<br>SI TIENES FE TU DIOS LO HAR\u00c1,<br>\u00c9L LO HAR\u00c1, LO HAR\u00c1 SI TIENES FE.<br>SI TIENES FE,<br>LO HAR\u00c1 SI TIENES FE.<\/p>\n\n\n\n<p>*Traducci\u00f3n del hebreo:<br>Cantar\u00e9 yo a Adonai,<br>porque ha triunfado gloriosamente.<br>Cantar\u00e9 yo a Adonai,<br>porque ha triunfado gloriosamente.<br>\u00bfQui\u00e9n como t\u00fa,<br>oh Adondai, entre los dioses?<br>\u00bfQui\u00e9n como t\u00fa,<br>glorioso en santidad?<br>En su misericordia,<br>guiar\u00e1 a la gente que redimi\u00f3.<br>En su misericordia,<br>guiar\u00e1 a la gente que redimi\u00f3.<br>Cantar\u00e9, cantar\u00e9, cantar\u00e9\u2026<\/p>\n","protected":false},"excerpt":{"rendered":"<p>Cada noche or\u00e9,yo s\u00e9 que alguien me escuch\u00f3,en el alma una canci\u00f3nque nunca entend\u00ed.No hay miedo en mi interioraunque haya tanto que temer,mover\u00e1s monta\u00f1asporque Dios te da el poder. HABR\u00c1 [&hellip;]<\/p>\n","protected":false},"author":1,"featured_media":0,"parent":0,"menu_order":0,"comment_status":"closed","ping_status":"closed","template":"","meta":{"footnotes":""},"class_list":["post-3719","page","type-page","status-publish","hentry"],"_links":{"self":[{"href":"https:\/\/smporres.archimadrid.es\/index.php?rest_route=\/wp\/v2\/pages\/3719","targetHints":{"allow":["GET"]}}],"collection":[{"href":"https:\/\/smporres.archimadrid.es\/index.php?rest_route=\/wp\/v2\/pages"}],"about":[{"href":"https:\/\/smporres.archimadrid.es\/index.php?rest_route=\/wp\/v2\/types\/page"}],"author":[{"embeddable":true,"href":"https:\/\/smporres.archimadrid.es\/index.php?rest_route=\/wp\/v2\/users\/1"}],"replies":[{"embeddable":true,"href":"https:\/\/smporres.archimadrid.es\/index.php?rest_route=%2Fwp%2Fv2%2Fcomments&post=3719"}],"version-history":[{"count":1,"href":"https:\/\/smporres.archimadrid.es\/index.php?rest_route=\/wp\/v2\/pages\/3719\/revisions"}],"predecessor-version":[{"id":3720,"href":"https:\/\/smporres.archimadrid.es\/index.php?rest_route=\/wp\/v2\/pages\/3719\/revisions\/3720"}],"wp:attachment":[{"href":"https:\/\/smporres.archimadrid.es\/index.php?rest_route=%2Fwp%2Fv2%2Fmedia&parent=3719"}],"curies":[{"name":"wp","href":"https:\/\/api.w.org\/{rel}","templated":true}]}}