{"id":3714,"date":"2020-06-10T15:28:56","date_gmt":"2020-06-10T13:28:56","guid":{"rendered":"https:\/\/smporres.archimadrid.es\/?page_id=3714"},"modified":"2020-06-10T15:28:56","modified_gmt":"2020-06-10T13:28:56","slug":"118-si-me-falta-el-amor","status":"publish","type":"page","link":"https:\/\/smporres.archimadrid.es\/?page_id=3714","title":{"rendered":"118. SI ME FALTA EL AMOR"},"content":{"rendered":"\n<p>Aunque yo dominara las lenguas arcanas<br>y el lenguaje del cielo supiera expresar,<br>solamente ser\u00eda una hueca campana,<br>si me falta el amor.<\/p>\n\n\n\n<p>SI ME FALTA EL AMOR, NO ME SIRVE DE NADA.<br>SI ME FALTA EL AMOR, NADA SOY. (BIS)<\/p>\n\n\n\n<p>Aunque todos mis bienes dejase a los pobres<br>y mi cuerpo en el fuego quisiera inmolar,<br>todo aquello ser\u00eda una in\u00fatil haza\u00f1a,<br>si me falta el amor<\/p>\n\n\n\n<p>Aunque yo desvelase los grandes misterios<br>y mi fe las monta\u00f1as pudiera mover,<br>no tendr\u00eda valor, ni me sirve de nada,<br>si me falta el amor.<\/p>\n","protected":false},"excerpt":{"rendered":"<p>Aunque yo dominara las lenguas arcanasy el lenguaje del cielo supiera expresar,solamente ser\u00eda una hueca campana,si me falta el amor. SI ME FALTA EL AMOR, NO ME SIRVE DE NADA.SI [&hellip;]<\/p>\n","protected":false},"author":1,"featured_media":0,"parent":0,"menu_order":0,"comment_status":"closed","ping_status":"closed","template":"","meta":{"footnotes":""},"class_list":["post-3714","page","type-page","status-publish","hentry"],"_links":{"self":[{"href":"https:\/\/smporres.archimadrid.es\/index.php?rest_route=\/wp\/v2\/pages\/3714","targetHints":{"allow":["GET"]}}],"collection":[{"href":"https:\/\/smporres.archimadrid.es\/index.php?rest_route=\/wp\/v2\/pages"}],"about":[{"href":"https:\/\/smporres.archimadrid.es\/index.php?rest_route=\/wp\/v2\/types\/page"}],"author":[{"embeddable":true,"href":"https:\/\/smporres.archimadrid.es\/index.php?rest_route=\/wp\/v2\/users\/1"}],"replies":[{"embeddable":true,"href":"https:\/\/smporres.archimadrid.es\/index.php?rest_route=%2Fwp%2Fv2%2Fcomments&post=3714"}],"version-history":[{"count":1,"href":"https:\/\/smporres.archimadrid.es\/index.php?rest_route=\/wp\/v2\/pages\/3714\/revisions"}],"predecessor-version":[{"id":3715,"href":"https:\/\/smporres.archimadrid.es\/index.php?rest_route=\/wp\/v2\/pages\/3714\/revisions\/3715"}],"wp:attachment":[{"href":"https:\/\/smporres.archimadrid.es\/index.php?rest_route=%2Fwp%2Fv2%2Fmedia&parent=3714"}],"curies":[{"name":"wp","href":"https:\/\/api.w.org\/{rel}","templated":true}]}}