{"id":3709,"date":"2020-06-10T15:26:47","date_gmt":"2020-06-10T13:26:47","guid":{"rendered":"https:\/\/smporres.archimadrid.es\/?page_id=3709"},"modified":"2020-06-10T15:26:47","modified_gmt":"2020-06-10T13:26:47","slug":"116-santo-t-aragues","status":"publish","type":"page","link":"https:\/\/smporres.archimadrid.es\/?page_id=3709","title":{"rendered":"116. SANTO (T. ARAG\u00dcES)"},"content":{"rendered":"\n<p>SANTO, SANTO, SANTO ES EL SE\u00d1OR,<br>DIOS DEL UNIVERSO.<\/p>\n\n\n\n<p>Llenos est\u00e1n el cielo y la tierra de tu gloria.<br>Hosana en el cielo.<\/p>\n\n\n\n<p>Bendito el que viene en nombre del se\u00f1or.<br>Hosana en el cielo.<\/p>\n","protected":false},"excerpt":{"rendered":"<p>SANTO, SANTO, SANTO ES EL SE\u00d1OR,DIOS DEL UNIVERSO. Llenos est\u00e1n el cielo y la tierra de tu gloria.Hosana en el cielo. Bendito el que viene en nombre del se\u00f1or.Hosana en [&hellip;]<\/p>\n","protected":false},"author":1,"featured_media":0,"parent":0,"menu_order":0,"comment_status":"closed","ping_status":"closed","template":"","meta":{"footnotes":""},"class_list":["post-3709","page","type-page","status-publish","hentry"],"_links":{"self":[{"href":"https:\/\/smporres.archimadrid.es\/index.php?rest_route=\/wp\/v2\/pages\/3709","targetHints":{"allow":["GET"]}}],"collection":[{"href":"https:\/\/smporres.archimadrid.es\/index.php?rest_route=\/wp\/v2\/pages"}],"about":[{"href":"https:\/\/smporres.archimadrid.es\/index.php?rest_route=\/wp\/v2\/types\/page"}],"author":[{"embeddable":true,"href":"https:\/\/smporres.archimadrid.es\/index.php?rest_route=\/wp\/v2\/users\/1"}],"replies":[{"embeddable":true,"href":"https:\/\/smporres.archimadrid.es\/index.php?rest_route=%2Fwp%2Fv2%2Fcomments&post=3709"}],"version-history":[{"count":1,"href":"https:\/\/smporres.archimadrid.es\/index.php?rest_route=\/wp\/v2\/pages\/3709\/revisions"}],"predecessor-version":[{"id":3710,"href":"https:\/\/smporres.archimadrid.es\/index.php?rest_route=\/wp\/v2\/pages\/3709\/revisions\/3710"}],"wp:attachment":[{"href":"https:\/\/smporres.archimadrid.es\/index.php?rest_route=%2Fwp%2Fv2%2Fmedia&parent=3709"}],"curies":[{"name":"wp","href":"https:\/\/api.w.org\/{rel}","templated":true}]}}