{"id":3707,"date":"2020-06-10T15:25:54","date_gmt":"2020-06-10T13:25:54","guid":{"rendered":"https:\/\/smporres.archimadrid.es\/?page_id=3707"},"modified":"2020-06-10T15:25:54","modified_gmt":"2020-06-10T13:25:54","slug":"115-santo-palazon","status":"publish","type":"page","link":"https:\/\/smporres.archimadrid.es\/?page_id=3707","title":{"rendered":"115. SANTO (PALAZ\u00d3N)"},"content":{"rendered":"\n<p>Santo, Santo, Santo; Santo es el Se\u00f1or,<br>Santo es el Se\u00f1or, Dios del Universo<br>Santo es el Se\u00f1or, Dios del Universo<br>Llenos est\u00e1n el cielo y la tierra de tu gloria,<\/p>\n\n\n\n<p>HOSANNA, HOSANNA, HOSANNA EN EL CIELO<br>HOSANNA, HOSANNA, HOSANNA EN EL CIELO.<\/p>\n\n\n\n<p>Bendito el que viene en nombre del Se\u00f1or<\/p>\n\n\n\n<p>HOSANNA\u2026<\/p>\n","protected":false},"excerpt":{"rendered":"<p>Santo, Santo, Santo; Santo es el Se\u00f1or,Santo es el Se\u00f1or, Dios del UniversoSanto es el Se\u00f1or, Dios del UniversoLlenos est\u00e1n el cielo y la tierra de tu gloria, HOSANNA, HOSANNA, [&hellip;]<\/p>\n","protected":false},"author":1,"featured_media":0,"parent":0,"menu_order":0,"comment_status":"closed","ping_status":"closed","template":"","meta":{"footnotes":""},"class_list":["post-3707","page","type-page","status-publish","hentry"],"_links":{"self":[{"href":"https:\/\/smporres.archimadrid.es\/index.php?rest_route=\/wp\/v2\/pages\/3707","targetHints":{"allow":["GET"]}}],"collection":[{"href":"https:\/\/smporres.archimadrid.es\/index.php?rest_route=\/wp\/v2\/pages"}],"about":[{"href":"https:\/\/smporres.archimadrid.es\/index.php?rest_route=\/wp\/v2\/types\/page"}],"author":[{"embeddable":true,"href":"https:\/\/smporres.archimadrid.es\/index.php?rest_route=\/wp\/v2\/users\/1"}],"replies":[{"embeddable":true,"href":"https:\/\/smporres.archimadrid.es\/index.php?rest_route=%2Fwp%2Fv2%2Fcomments&post=3707"}],"version-history":[{"count":1,"href":"https:\/\/smporres.archimadrid.es\/index.php?rest_route=\/wp\/v2\/pages\/3707\/revisions"}],"predecessor-version":[{"id":3708,"href":"https:\/\/smporres.archimadrid.es\/index.php?rest_route=\/wp\/v2\/pages\/3707\/revisions\/3708"}],"wp:attachment":[{"href":"https:\/\/smporres.archimadrid.es\/index.php?rest_route=%2Fwp%2Fv2%2Fmedia&parent=3707"}],"curies":[{"name":"wp","href":"https:\/\/api.w.org\/{rel}","templated":true}]}}