{"id":3701,"date":"2020-06-10T15:20:34","date_gmt":"2020-06-10T13:20:34","guid":{"rendered":"https:\/\/smporres.archimadrid.es\/?page_id=3701"},"modified":"2020-06-10T15:20:34","modified_gmt":"2020-06-10T13:20:34","slug":"112-santa-maria-del-camino","status":"publish","type":"page","link":"https:\/\/smporres.archimadrid.es\/?page_id=3701","title":{"rendered":"112. SANTA MAR\u00cdA DEL CAMINO"},"content":{"rendered":"\n<p>Mientras recorres la vida, tu nunca solo est\u00e1s,<br>contigo, por el camino, Santa Mar\u00eda va.<\/p>\n\n\n\n<p>VEN CON NOSOTROS AL CAMINAR,<br>SANTA MAR\u00cdA VEN (BIS)<\/p>\n\n\n\n<p>Aunque te digan algunos, que nada puede cambiar,<br>lucha por un mundo nuevo, lucha por la verdad.<\/p>\n\n\n\n<p>Si por el mundo los hombres sin conocerse van,<br>no niegues nunca tu mano, al que contigo est\u00e1.<\/p>\n","protected":false},"excerpt":{"rendered":"<p>Mientras recorres la vida, tu nunca solo est\u00e1s,contigo, por el camino, Santa Mar\u00eda va. VEN CON NOSOTROS AL CAMINAR,SANTA MAR\u00cdA VEN (BIS) Aunque te digan algunos, que nada puede cambiar,lucha [&hellip;]<\/p>\n","protected":false},"author":1,"featured_media":0,"parent":0,"menu_order":0,"comment_status":"closed","ping_status":"closed","template":"","meta":{"footnotes":""},"class_list":["post-3701","page","type-page","status-publish","hentry"],"_links":{"self":[{"href":"https:\/\/smporres.archimadrid.es\/index.php?rest_route=\/wp\/v2\/pages\/3701","targetHints":{"allow":["GET"]}}],"collection":[{"href":"https:\/\/smporres.archimadrid.es\/index.php?rest_route=\/wp\/v2\/pages"}],"about":[{"href":"https:\/\/smporres.archimadrid.es\/index.php?rest_route=\/wp\/v2\/types\/page"}],"author":[{"embeddable":true,"href":"https:\/\/smporres.archimadrid.es\/index.php?rest_route=\/wp\/v2\/users\/1"}],"replies":[{"embeddable":true,"href":"https:\/\/smporres.archimadrid.es\/index.php?rest_route=%2Fwp%2Fv2%2Fcomments&post=3701"}],"version-history":[{"count":1,"href":"https:\/\/smporres.archimadrid.es\/index.php?rest_route=\/wp\/v2\/pages\/3701\/revisions"}],"predecessor-version":[{"id":3702,"href":"https:\/\/smporres.archimadrid.es\/index.php?rest_route=\/wp\/v2\/pages\/3701\/revisions\/3702"}],"wp:attachment":[{"href":"https:\/\/smporres.archimadrid.es\/index.php?rest_route=%2Fwp%2Fv2%2Fmedia&parent=3701"}],"curies":[{"name":"wp","href":"https:\/\/api.w.org\/{rel}","templated":true}]}}